{"id":2725,"date":"2021-08-16T13:01:39","date_gmt":"2021-08-16T11:01:39","guid":{"rendered":"https:\/\/www.domainesfrancoislurton.com\/?page_id=2725"},"modified":"2021-08-16T13:01:40","modified_gmt":"2021-08-16T11:01:40","slug":"legal-notice-page","status":"publish","type":"page","link":"https:\/\/www.domainesfrancoislurton.com\/en\/legal-notice-page\/","title":{"rendered":"Legal notice page"},"content":{"rendered":"\n<h2 class=\"wp-block-heading\">Owner, website manager<\/h2>\n\n\n\n<p>The website <a href=\"http:\/\/www.domainesfrancoislurton.com\">www.domainesfrancoislurton.com<\/a> is published by Fran\u00e7ois Lurton S.A., Domaine de Poumeyrade, 33870 Vayres.<\/p>\n\n\n\n<p>Tel. 05 57 55 12 12<\/p>\n\n\n\n<h2 class=\"wp-block-heading\">Use of website www.domainesfrancoislurton.com<\/h2>\n\n\n\n<p>Accessing the website implies unconditional acceptance of the terms and conditions set out below. If you do not intend to accept and respect these conditions, please disconnect from this page and the website.<\/p>\n\n\n\n<p>Fran\u00e7ois Lurton S.A. reserves the right to change these terms at any time. It is therefore recommended that you regularly consult the most recent current version.<\/p>\n\n\n\n<p>There are some inherent dangers of internet use, and the user is warned of the need to take account of potential risks (any infection by computer virus, bugs, slowdowns etc.) before visiting the website www.domainesfrancoislurton.com.<\/p>\n\n\n\n<p>Website users are required to comply with the provisions of the French law on data processing, data files and liberties, with violations subject to criminal sanctions. They shall in particular, regarding the personal information to which they have access, abstain from any data collection, fraudulent use, and, in general, any act that could harm people\u2019s private lives or reputations. Fran\u00e7ois Lurton S.A. shall not be held liable for any direct and\/or indirect damage resulting from the customer\u2019s use of the website and\/or of any information which it contains.<\/p>\n\n\n\n<p>The website <a href=\"http:\/\/www.domainesfrancoislurton.com\">www.domainesfrancoislurton.com<\/a> may direct the user to other websites via hypertext links. Fran\u00e7ois Lurton S.A. may in no case be held liable for the content of such sites, for which their owners bear full liability.<\/p>\n\n\n\n<h2 class=\"wp-block-heading\">Publication director<\/h2>\n\n\n\n<p>The publication director of the website <a href=\"http:\/\/www.domainesfrancoislurton.com\">www.domainesfrancoislurton.com<\/a> is Mr Fran\u00e7ois Lurton.<\/p>\n\n\n\n<h2 class=\"wp-block-heading\">Hosting service<\/h2>\n\n\n\n<p>The website is hosted by:<\/p>\n\n\n\n<p>OVH, a simplified joint-stock company with a capital of ten million euros, recorded in the Lille Metropole B commercial register under the number 424 761 419, whose head office is at:<\/p>\n\n\n\n<p><strong>SAS OVH<\/strong> \u2013 <a href=\"https:\/\/www.ovh.com\/fr\/\">https:\/\/www.ovh.com\u00a0<\/a><\/p>\n\n\n\n<p>2 rue Kellermann<\/p>\n\n\n\n<p>BP 80157 59100<\/p>\n\n\n\n<p>Roubaix<\/p>\n\n\n\n<h2 class=\"wp-block-heading\">Audience measurement<\/h2>\n\n\n\n<p>The website you are visiting is analysed by the Google Analytics web analytics system. The analysis is performed via a system of remote tags (using the language JavaScript) which allow statistical data to be compiled on our audience in order to improve the quality and ergonomics of our website.<\/p>\n\n\n\n<p>The analysis is performed in totally anonymous form and does not allow us to identify individual users.<\/p>\n\n\n\n<h2 class=\"wp-block-heading\">Use of cookies<\/h2>\n\n\n\n<p>When you visit our website, we deposit numerous \u2018cookies\u2019 on your computer. A \u2018cookie\u2019 is a small text file stored on the user\u2019s hard drive by the web browser. The cookie does not allow you to be identified, but it does store information relating to your computer\u2019s navigation of our website (pages visited, date and time of visit etc.).<\/p>\n\n\n\n<p>This information is kept on your computer for 30 days for <a href=\"http:\/\/www.domainesfrancoislurton.com\">www.domainesfrancoislurton.com<\/a> and 4 years for Google Analytics.<\/p>\n\n\n\n<p>You should note that you can refuse to allow cookies to be stored via corresponding settings in your internet browser.<\/p>\n\n\n\n<p>In accordance with article 8.1 of the conditions of use for the Google Analytics services, we would like to draw our visitors\u2019 attention to the following declaration:<\/p>\n\n\n\n<p>\u2018This website uses Google Analytics, a website analysis service provided by Google Inc. (\u2018Google\u2019). Google Analytics uses cookies, which are text files placed on your computer to help analyse how users use the website. The data generated by cookies regarding your use of the website (including your IP address) will be sent and stored by Google on servers based in the USA. Google will use this information to evaluate your use of the website, compile reports on the website\u2019s activity for its publisher, and provide other services relating to website activity and internet use. Google may communicate this data with third parties if legally compelled to do so or if these third parties are processing the data on Google\u2019s behalf, in particular the publisher of this website. Google will not associate your IP address with any other data held by Google. You can disable cookies by choosing the relevant settings in your browser. However, disabling cookies may prevent you from using certain elements of this website\u2019s functionality. By using this website, you are expressly agreeing to your personal data being processed by Google under the conditions and for the purposes described above.\u2019<\/p>\n\n\n\n<h2 class=\"wp-block-heading\">Photo credits<\/h2>\n\n\n\n<p>The photos appearing on this website are the exclusive property of their authors. They are protected by the French Intellectual Property Code, and more generally by international treaties and agreements containing provisions relating to copyright protection.<\/p>\n\n\n\n<p>Regardless of the process used, these texts prohibit, in whole or in part, any representation, reproduction for any use other than private use, or modification without the express authorisation of the author or their successors.<\/p>\n\n\n\n<h2 class=\"wp-block-heading\">Intellectual property \u2013 copyright<\/h2>\n\n\n\n<p>The content of this site is covered by French and international legislation on copyright and intellectual property.<\/p>\n\n\n\n<p>Fran\u00e7ois Lurton S.A. retains all the property and moral rights related to the documents on this site, subject to the rights owned by the authors of works published on this site. Accordingly, all rights of reproduction, on electronic media and on paper, are reserved, including for downloadable documents and iconographic and\/or photographic representations.<\/p>\n\n\n\n<p>Visitors to the website www.domainesfrancoislurton.com agree not to collect, capture, deform or use the information to which they have access.<\/p>\n\n\n\n<p>Fran\u00e7ois Lurton S.A. will take legal proceedings against any attempted fraudulent use of the documents on the site.<\/p>\n\n\n\n<h2 class=\"wp-block-heading\">Automated processing of personal data on the website www.domainesfrancoislurton.com<\/h2>\n\n\n\n<p>In accordance with the law dated 6 January 1978 as amended by the law dated 6 August 2004 covering data processing, files and liberties, as well as its implementing decree dated 17 July 1978 and article 43 of the amended law dated 30 September 1986, this website has been declared to the Commission Nationale Informatique et Libert\u00e9s (CNIL). The data controller is Fran\u00e7ois Lurton S.A. (represented by Mr Fran\u00e7ois Lurton). The personal data collected is in order to provide the user with the services offered by Fran\u00e7ois Lurton S.A. and will not be used for purposes not provided for in this legal notice.<\/p>\n\n\n\n<p>We undertake to exercise every care in preserving the confidentiality of such data, and in particular to prevent it from being misrepresented, damaged or communicated to third parties.<\/p>\n\n\n\n<h2 class=\"wp-block-heading\">Right to access, modify, correct and delete your personal data<\/h2>\n\n\n\n<p>Users have the right to access, modify, correct and delete their personal data in accordance with articles 39 and 40 of the law dated 6 January 1978 as amended by the law dated 6 August 2004 and the recommendations of LCEN. To exercise this right, contact Fran\u00e7ois Lurton S.A. by letter addressed to:<\/p>\n\n\n\n<p>Domaine de Poumeyrade,&nbsp;<\/p>\n\n\n\n<p>33870 Vayres.<\/p>\n\n\n\n<p>As the internet does not allow the integrity of electronic messages (email) to be ensured, Fran\u00e7ois Lurton S.A. assumes no responsibility in the event that these are intercepted or modified by anyone. Do not disclose sensitive personal information. If you wish to communicate confidential information, we recommend using the post.<\/p>\n\n\n\n<h2 class=\"wp-block-heading\">Non-sale of customer database<\/h2>\n\n\n\n<p>Fran\u00e7ois Lurton S.A. is the sole recipient of personal data and will not sell its customer database.<\/p>\n\n\n\n<h2 class=\"wp-block-heading\">Site accessibility<\/h2>\n\n\n\n<p>Accessibility is paramount when consulting a website, and we strive to ensure that the website is as accessible as possible.<\/p>\n\n\n\n<p>We do our utmost to comply with the web standards (XHTML, CSS) drawn up by the World Wide Web Consortium (W3C).<\/p>\n","protected":false},"excerpt":{"rendered":"<p>Owner, website manager The website www.domainesfrancoislurton.com is published by Fran\u00e7ois Lurton S.A., Domaine de Poumeyrade, 33870 Vayres. Tel. 05 57 55 12 12 Use of website www.domainesfrancoislurton.com Accessing the website implies unconditional acceptance of the terms and conditions set out below. If you do not intend to accept and respect these conditions, please disconnect from [&hellip;]<\/p>\n","protected":false},"author":1,"featured_media":0,"parent":0,"menu_order":0,"comment_status":"closed","ping_status":"closed","template":"","meta":{"_acf_changed":false,"footnotes":""},"class_list":["post-2725","page","type-page","status-publish","hentry"],"acf":[],"yoast_head":"<!-- This site is optimized with the Yoast SEO plugin v27.5 - https:\/\/yoast.com\/product\/yoast-seo-wordpress\/ -->\n<title>Legal notice page - Domaines Fran\u00e7ois Lurton<\/title>\n<meta name=\"description\" content=\"Owner, website manager The website www.domainesfrancoislurton.com is published by Fran\u00e7ois Lurton S.A., Domaine de Poumeyrade, 33870 Vayres. Tel. 05 57 55\" \/>\n<meta name=\"robots\" content=\"index, follow, max-snippet:-1, max-image-preview:large, max-video-preview:-1\" \/>\n<link rel=\"canonical\" href=\"https:\/\/www.domainesfrancoislurton.com\/en\/legal-notice-page\/\" \/>\n<meta property=\"og:locale\" content=\"en_US\" \/>\n<meta property=\"og:type\" content=\"article\" \/>\n<meta property=\"og:title\" content=\"Legal notice page - Domaines Fran\u00e7ois Lurton\" \/>\n<meta property=\"og:description\" content=\"Owner, website manager The website www.domainesfrancoislurton.com is published by Fran\u00e7ois Lurton S.A., Domaine de Poumeyrade, 33870 Vayres. Tel. 05 57 55\" \/>\n<meta property=\"og:url\" content=\"https:\/\/www.domainesfrancoislurton.com\/en\/legal-notice-page\/\" \/>\n<meta property=\"og:site_name\" content=\"Domaines Fran\u00e7ois Lurton\" \/>\n<meta property=\"article:publisher\" content=\"https:\/\/www.facebook.com\/DomainesFL\/\" \/>\n<meta property=\"article:modified_time\" content=\"2021-08-16T11:01:40+00:00\" \/>\n<meta property=\"og:image\" content=\"https:\/\/www.domainesfrancoislurton.com\/wp-content\/uploads\/2019\/04\/default-lurton.png\" \/>\n\t<meta property=\"og:image:width\" content=\"960\" \/>\n\t<meta property=\"og:image:height\" content=\"496\" \/>\n\t<meta property=\"og:image:type\" content=\"image\/png\" \/>\n<meta name=\"twitter:card\" content=\"summary_large_image\" \/>\n<meta name=\"twitter:site\" content=\"@francoislurton\" \/>\n<meta name=\"twitter:label1\" content=\"Est. reading time\" \/>\n\t<meta name=\"twitter:data1\" content=\"6 minutes\" \/>\n<script type=\"application\/ld+json\" class=\"yoast-schema-graph\">{\"@context\":\"https:\\\/\\\/schema.org\",\"@graph\":[{\"@type\":\"WebPage\",\"@id\":\"https:\\\/\\\/www.domainesfrancoislurton.com\\\/en\\\/legal-notice-page\\\/\",\"url\":\"https:\\\/\\\/www.domainesfrancoislurton.com\\\/en\\\/legal-notice-page\\\/\",\"name\":\"Legal notice page - Domaines Fran\u00e7ois Lurton\",\"isPartOf\":{\"@id\":\"https:\\\/\\\/www.domainesfrancoislurton.com\\\/#website\"},\"datePublished\":\"2021-08-16T11:01:39+00:00\",\"dateModified\":\"2021-08-16T11:01:40+00:00\",\"description\":\"Owner, website manager The website www.domainesfrancoislurton.com is published by Fran\u00e7ois Lurton S.A., Domaine de Poumeyrade, 33870 Vayres. Tel. 05 57 55\",\"breadcrumb\":{\"@id\":\"https:\\\/\\\/www.domainesfrancoislurton.com\\\/en\\\/legal-notice-page\\\/#breadcrumb\"},\"inLanguage\":\"en-US\",\"potentialAction\":[{\"@type\":\"ReadAction\",\"target\":[\"https:\\\/\\\/www.domainesfrancoislurton.com\\\/en\\\/legal-notice-page\\\/\"]}]},{\"@type\":\"BreadcrumbList\",\"@id\":\"https:\\\/\\\/www.domainesfrancoislurton.com\\\/en\\\/legal-notice-page\\\/#breadcrumb\",\"itemListElement\":[{\"@type\":\"ListItem\",\"position\":1,\"name\":\"Home\",\"item\":\"https:\\\/\\\/www.domainesfrancoislurton.com\\\/en\\\/\"},{\"@type\":\"ListItem\",\"position\":2,\"name\":\"Legal notice page\"}]},{\"@type\":\"WebSite\",\"@id\":\"https:\\\/\\\/www.domainesfrancoislurton.com\\\/#website\",\"url\":\"https:\\\/\\\/www.domainesfrancoislurton.com\\\/\",\"name\":\"Domaines Fran\u00e7ois Lurton\",\"description\":\"Vigneron de p\u00e8re en fils depuis 1897\",\"publisher\":{\"@id\":\"https:\\\/\\\/www.domainesfrancoislurton.com\\\/#organization\"},\"potentialAction\":[{\"@type\":\"SearchAction\",\"target\":{\"@type\":\"EntryPoint\",\"urlTemplate\":\"https:\\\/\\\/www.domainesfrancoislurton.com\\\/?s={search_term_string}\"},\"query-input\":{\"@type\":\"PropertyValueSpecification\",\"valueRequired\":true,\"valueName\":\"search_term_string\"}}],\"inLanguage\":\"en-US\"},{\"@type\":\"Organization\",\"@id\":\"https:\\\/\\\/www.domainesfrancoislurton.com\\\/#organization\",\"name\":\"Domaines Fran\u00e7ois Lurton\",\"url\":\"https:\\\/\\\/www.domainesfrancoislurton.com\\\/\",\"logo\":{\"@type\":\"ImageObject\",\"inLanguage\":\"en-US\",\"@id\":\"https:\\\/\\\/www.domainesfrancoislurton.com\\\/#\\\/schema\\\/logo\\\/image\\\/\",\"url\":\"https:\\\/\\\/www.domainesfrancoislurton.com\\\/wp-content\\\/uploads\\\/2019\\\/04\\\/default-lurton.png\",\"contentUrl\":\"https:\\\/\\\/www.domainesfrancoislurton.com\\\/wp-content\\\/uploads\\\/2019\\\/04\\\/default-lurton.png\",\"width\":960,\"height\":496,\"caption\":\"Domaines Fran\u00e7ois Lurton\"},\"image\":{\"@id\":\"https:\\\/\\\/www.domainesfrancoislurton.com\\\/#\\\/schema\\\/logo\\\/image\\\/\"},\"sameAs\":[\"https:\\\/\\\/www.facebook.com\\\/DomainesFL\\\/\",\"https:\\\/\\\/x.com\\\/francoislurton\",\"https:\\\/\\\/www.instagram.com\\\/francoislurton\\\/\",\"https:\\\/\\\/www.pinterest.fr\\\/DomainesFrancoisLurton\\\/\"]}]}<\/script>\n<!-- \/ Yoast SEO plugin. -->","yoast_head_json":{"title":"Legal notice page - Domaines Fran\u00e7ois Lurton","description":"Owner, website manager The website www.domainesfrancoislurton.com is published by Fran\u00e7ois Lurton S.A., Domaine de Poumeyrade, 33870 Vayres. Tel. 05 57 55","robots":{"index":"index","follow":"follow","max-snippet":"max-snippet:-1","max-image-preview":"max-image-preview:large","max-video-preview":"max-video-preview:-1"},"canonical":"https:\/\/www.domainesfrancoislurton.com\/en\/legal-notice-page\/","og_locale":"en_US","og_type":"article","og_title":"Legal notice page - Domaines Fran\u00e7ois Lurton","og_description":"Owner, website manager The website www.domainesfrancoislurton.com is published by Fran\u00e7ois Lurton S.A., Domaine de Poumeyrade, 33870 Vayres. Tel. 05 57 55","og_url":"https:\/\/www.domainesfrancoislurton.com\/en\/legal-notice-page\/","og_site_name":"Domaines Fran\u00e7ois Lurton","article_publisher":"https:\/\/www.facebook.com\/DomainesFL\/","article_modified_time":"2021-08-16T11:01:40+00:00","og_image":[{"width":960,"height":496,"url":"https:\/\/www.domainesfrancoislurton.com\/wp-content\/uploads\/2019\/04\/default-lurton.png","type":"image\/png"}],"twitter_card":"summary_large_image","twitter_site":"@francoislurton","twitter_misc":{"Est. reading time":"6 minutes"},"schema":{"@context":"https:\/\/schema.org","@graph":[{"@type":"WebPage","@id":"https:\/\/www.domainesfrancoislurton.com\/en\/legal-notice-page\/","url":"https:\/\/www.domainesfrancoislurton.com\/en\/legal-notice-page\/","name":"Legal notice page - Domaines Fran\u00e7ois Lurton","isPartOf":{"@id":"https:\/\/www.domainesfrancoislurton.com\/#website"},"datePublished":"2021-08-16T11:01:39+00:00","dateModified":"2021-08-16T11:01:40+00:00","description":"Owner, website manager The website www.domainesfrancoislurton.com is published by Fran\u00e7ois Lurton S.A., Domaine de Poumeyrade, 33870 Vayres. Tel. 05 57 55","breadcrumb":{"@id":"https:\/\/www.domainesfrancoislurton.com\/en\/legal-notice-page\/#breadcrumb"},"inLanguage":"en-US","potentialAction":[{"@type":"ReadAction","target":["https:\/\/www.domainesfrancoislurton.com\/en\/legal-notice-page\/"]}]},{"@type":"BreadcrumbList","@id":"https:\/\/www.domainesfrancoislurton.com\/en\/legal-notice-page\/#breadcrumb","itemListElement":[{"@type":"ListItem","position":1,"name":"Home","item":"https:\/\/www.domainesfrancoislurton.com\/en\/"},{"@type":"ListItem","position":2,"name":"Legal notice page"}]},{"@type":"WebSite","@id":"https:\/\/www.domainesfrancoislurton.com\/#website","url":"https:\/\/www.domainesfrancoislurton.com\/","name":"Domaines Fran\u00e7ois Lurton","description":"Vigneron de p\u00e8re en fils depuis 1897","publisher":{"@id":"https:\/\/www.domainesfrancoislurton.com\/#organization"},"potentialAction":[{"@type":"SearchAction","target":{"@type":"EntryPoint","urlTemplate":"https:\/\/www.domainesfrancoislurton.com\/?s={search_term_string}"},"query-input":{"@type":"PropertyValueSpecification","valueRequired":true,"valueName":"search_term_string"}}],"inLanguage":"en-US"},{"@type":"Organization","@id":"https:\/\/www.domainesfrancoislurton.com\/#organization","name":"Domaines Fran\u00e7ois Lurton","url":"https:\/\/www.domainesfrancoislurton.com\/","logo":{"@type":"ImageObject","inLanguage":"en-US","@id":"https:\/\/www.domainesfrancoislurton.com\/#\/schema\/logo\/image\/","url":"https:\/\/www.domainesfrancoislurton.com\/wp-content\/uploads\/2019\/04\/default-lurton.png","contentUrl":"https:\/\/www.domainesfrancoislurton.com\/wp-content\/uploads\/2019\/04\/default-lurton.png","width":960,"height":496,"caption":"Domaines Fran\u00e7ois Lurton"},"image":{"@id":"https:\/\/www.domainesfrancoislurton.com\/#\/schema\/logo\/image\/"},"sameAs":["https:\/\/www.facebook.com\/DomainesFL\/","https:\/\/x.com\/francoislurton","https:\/\/www.instagram.com\/francoislurton\/","https:\/\/www.pinterest.fr\/DomainesFrancoisLurton\/"]}]}},"_links":{"self":[{"href":"https:\/\/www.domainesfrancoislurton.com\/en\/wp-json\/wp\/v2\/pages\/2725","targetHints":{"allow":["GET"]}}],"collection":[{"href":"https:\/\/www.domainesfrancoislurton.com\/en\/wp-json\/wp\/v2\/pages"}],"about":[{"href":"https:\/\/www.domainesfrancoislurton.com\/en\/wp-json\/wp\/v2\/types\/page"}],"author":[{"embeddable":true,"href":"https:\/\/www.domainesfrancoislurton.com\/en\/wp-json\/wp\/v2\/users\/1"}],"replies":[{"embeddable":true,"href":"https:\/\/www.domainesfrancoislurton.com\/en\/wp-json\/wp\/v2\/comments?post=2725"}],"version-history":[{"count":1,"href":"https:\/\/www.domainesfrancoislurton.com\/en\/wp-json\/wp\/v2\/pages\/2725\/revisions"}],"predecessor-version":[{"id":2727,"href":"https:\/\/www.domainesfrancoislurton.com\/en\/wp-json\/wp\/v2\/pages\/2725\/revisions\/2727"}],"wp:attachment":[{"href":"https:\/\/www.domainesfrancoislurton.com\/en\/wp-json\/wp\/v2\/media?parent=2725"}],"curies":[{"name":"wp","href":"https:\/\/api.w.org\/{rel}","templated":true}]}}