{"id":2319,"date":"2021-08-09T10:37:53","date_gmt":"2021-08-09T08:37:53","guid":{"rendered":"https:\/\/www.domainesfrancoislurton.com\/?page_id=2319"},"modified":"2021-08-09T10:37:54","modified_gmt":"2021-08-09T08:37:54","slug":"visita-con-cata","status":"publish","type":"page","link":"https:\/\/www.domainesfrancoislurton.com\/es\/experiencias-enoturisticas\/visita-con-cata\/","title":{"rendered":"Visita con cata"},"content":{"rendered":"\n<h2 class=\"wp-block-heading\">ENO-RUTA ENTRE VI\u00d1EDOS\u00a0<\/h2>\n\n\n\n<blockquote class=\"wp-block-quote is-style-default is-layout-flow wp-block-quote-is-layout-flow\"><p>Con la llegada de la primavera, el vi\u00f1edo nos regala un paisaje enriquecedor que se va transformando con los meses hasta la llegada de la vendimia.\u00a0 Animales y plantas aut\u00f3ctonas conviven con \u00e9l creando un mundo natural espectacular.\u00a0<\/p><\/blockquote>\n\n\n<ol>\n<li class=\"wysiwyg-text-align-justify\">Ruta por vi\u00f1edos y pinares acompa\u00f1ados por un gu\u00eda experto que nos ense\u00f1ar\u00e1 a interpretar la flora y fauna en tierra castellanas.<\/li>\n<li>Visita a Campo El\u00edseo con bienvenida en la casa solariega del siglo XVIII.<\/li>\n<li class=\"wysiwyg-text-align-justify\">Visita a la bodega moderna: c\u00e1mara de fr\u00edo, mesa de selecci\u00f3n y primer procesado.\u00a0<\/li>\n<li class=\"wysiwyg-text-align-justify\">Visita guiada a las galer\u00edas subterr\u00e1neas de vinificaci\u00f3n y crianza.<\/li>\n<li class=\"wysiwyg-text-align-justify\">Cata de vinos acompa\u00f1ados de queso y jam\u00f3n ib\u00e9rico.<\/li>\n<\/ol>","protected":false},"excerpt":{"rendered":"<p>ENO-RUTA ENTRE VI\u00d1EDOS\u00a0 Con la llegada de la primavera, el vi\u00f1edo nos regala un paisaje enriquecedor que se va transformando con los meses hasta la llegada de la vendimia.\u00a0 Animales y plantas aut\u00f3ctonas conviven con \u00e9l creando un mundo natural espectacular.\u00a0 Ruta por vi\u00f1edos y pinares acompa\u00f1ados por un gu\u00eda experto que nos ense\u00f1ar\u00e1 a [&hellip;]<\/p>\n","protected":false},"author":1,"featured_media":1898,"parent":2327,"menu_order":0,"comment_status":"closed","ping_status":"closed","template":"","meta":{"_acf_changed":false,"footnotes":""},"class_list":["post-2319","page","type-page","status-publish","has-post-thumbnail","hentry"],"acf":[],"yoast_head":"<!-- This site is optimized with the Yoast SEO plugin v27.5 - https:\/\/yoast.com\/product\/yoast-seo-wordpress\/ -->\n<title>Visita con cata - Domaines Fran\u00e7ois Lurton<\/title>\n<meta name=\"description\" content=\"ENO-RUTA ENTRE VI\u00d1EDOS\u00a0 Con la llegada de la primavera, el vi\u00f1edo nos regala un paisaje enriquecedor que se va transformando con los meses hasta la\" \/>\n<meta name=\"robots\" content=\"index, follow, max-snippet:-1, max-image-preview:large, max-video-preview:-1\" \/>\n<link rel=\"canonical\" href=\"https:\/\/www.domainesfrancoislurton.com\/es\/experiencias-enoturisticas\/visita-con-cata\/\" \/>\n<meta property=\"og:locale\" content=\"es_ES\" \/>\n<meta property=\"og:type\" content=\"article\" \/>\n<meta property=\"og:title\" content=\"Visita con cata - Domaines Fran\u00e7ois Lurton\" \/>\n<meta property=\"og:description\" content=\"ENO-RUTA ENTRE VI\u00d1EDOS\u00a0 Con la llegada de la primavera, el vi\u00f1edo nos regala un paisaje enriquecedor que se va transformando con los meses hasta la\" \/>\n<meta property=\"og:url\" content=\"https:\/\/www.domainesfrancoislurton.com\/es\/experiencias-enoturisticas\/visita-con-cata\/\" \/>\n<meta property=\"og:site_name\" content=\"Domaines Fran\u00e7ois Lurton\" \/>\n<meta property=\"article:publisher\" content=\"https:\/\/www.facebook.com\/DomainesFL\/\" \/>\n<meta property=\"article:modified_time\" content=\"2021-08-09T08:37:54+00:00\" \/>\n<meta property=\"og:image\" content=\"https:\/\/www.domainesfrancoislurton.com\/wp-content\/uploads\/2019\/06\/imageexperience-fiche-5-oeno-route-entre-vignobles.jpg\" \/>\n\t<meta property=\"og:image:width\" content=\"700\" \/>\n\t<meta property=\"og:image:height\" content=\"525\" \/>\n\t<meta property=\"og:image:type\" content=\"image\/jpeg\" \/>\n<meta name=\"twitter:card\" content=\"summary_large_image\" \/>\n<meta name=\"twitter:site\" content=\"@francoislurton\" \/>\n<meta name=\"twitter:label1\" content=\"Tiempo de lectura\" \/>\n\t<meta name=\"twitter:data1\" content=\"1 minuto\" \/>\n<script type=\"application\/ld+json\" class=\"yoast-schema-graph\">{\"@context\":\"https:\\\/\\\/schema.org\",\"@graph\":[{\"@type\":\"WebPage\",\"@id\":\"https:\\\/\\\/www.domainesfrancoislurton.com\\\/es\\\/experiencias-enoturisticas\\\/visita-con-cata\\\/\",\"url\":\"https:\\\/\\\/www.domainesfrancoislurton.com\\\/es\\\/experiencias-enoturisticas\\\/visita-con-cata\\\/\",\"name\":\"Visita con cata - Domaines Fran\u00e7ois Lurton\",\"isPartOf\":{\"@id\":\"https:\\\/\\\/www.domainesfrancoislurton.com\\\/#website\"},\"primaryImageOfPage\":{\"@id\":\"https:\\\/\\\/www.domainesfrancoislurton.com\\\/es\\\/experiencias-enoturisticas\\\/visita-con-cata\\\/#primaryimage\"},\"image\":{\"@id\":\"https:\\\/\\\/www.domainesfrancoislurton.com\\\/es\\\/experiencias-enoturisticas\\\/visita-con-cata\\\/#primaryimage\"},\"thumbnailUrl\":\"https:\\\/\\\/www.domainesfrancoislurton.com\\\/wp-content\\\/uploads\\\/2019\\\/06\\\/imageexperience-fiche-5-oeno-route-entre-vignobles.jpg\",\"datePublished\":\"2021-08-09T08:37:53+00:00\",\"dateModified\":\"2021-08-09T08:37:54+00:00\",\"description\":\"ENO-RUTA ENTRE VI\u00d1EDOS\u00a0 Con la llegada de la primavera, el vi\u00f1edo nos regala un paisaje enriquecedor que se va transformando con los meses hasta la\",\"breadcrumb\":{\"@id\":\"https:\\\/\\\/www.domainesfrancoislurton.com\\\/es\\\/experiencias-enoturisticas\\\/visita-con-cata\\\/#breadcrumb\"},\"inLanguage\":\"es\",\"potentialAction\":[{\"@type\":\"ReadAction\",\"target\":[\"https:\\\/\\\/www.domainesfrancoislurton.com\\\/es\\\/experiencias-enoturisticas\\\/visita-con-cata\\\/\"]}]},{\"@type\":\"ImageObject\",\"inLanguage\":\"es\",\"@id\":\"https:\\\/\\\/www.domainesfrancoislurton.com\\\/es\\\/experiencias-enoturisticas\\\/visita-con-cata\\\/#primaryimage\",\"url\":\"https:\\\/\\\/www.domainesfrancoislurton.com\\\/wp-content\\\/uploads\\\/2019\\\/06\\\/imageexperience-fiche-5-oeno-route-entre-vignobles.jpg\",\"contentUrl\":\"https:\\\/\\\/www.domainesfrancoislurton.com\\\/wp-content\\\/uploads\\\/2019\\\/06\\\/imageexperience-fiche-5-oeno-route-entre-vignobles.jpg\",\"width\":700,\"height\":525},{\"@type\":\"BreadcrumbList\",\"@id\":\"https:\\\/\\\/www.domainesfrancoislurton.com\\\/es\\\/experiencias-enoturisticas\\\/visita-con-cata\\\/#breadcrumb\",\"itemListElement\":[{\"@type\":\"ListItem\",\"position\":1,\"name\":\"Home\",\"item\":\"https:\\\/\\\/www.domainesfrancoislurton.com\\\/es\\\/\"},{\"@type\":\"ListItem\",\"position\":2,\"name\":\"Experiencias enotur\u00edsticas\",\"item\":\"https:\\\/\\\/www.domainesfrancoislurton.com\\\/es\\\/experiencias-enoturisticas\\\/\"},{\"@type\":\"ListItem\",\"position\":3,\"name\":\"Visita con cata\"}]},{\"@type\":\"WebSite\",\"@id\":\"https:\\\/\\\/www.domainesfrancoislurton.com\\\/#website\",\"url\":\"https:\\\/\\\/www.domainesfrancoislurton.com\\\/\",\"name\":\"Domaines Fran\u00e7ois Lurton\",\"description\":\"Vigneron de p\u00e8re en fils depuis 1897\",\"publisher\":{\"@id\":\"https:\\\/\\\/www.domainesfrancoislurton.com\\\/#organization\"},\"potentialAction\":[{\"@type\":\"SearchAction\",\"target\":{\"@type\":\"EntryPoint\",\"urlTemplate\":\"https:\\\/\\\/www.domainesfrancoislurton.com\\\/?s={search_term_string}\"},\"query-input\":{\"@type\":\"PropertyValueSpecification\",\"valueRequired\":true,\"valueName\":\"search_term_string\"}}],\"inLanguage\":\"es\"},{\"@type\":\"Organization\",\"@id\":\"https:\\\/\\\/www.domainesfrancoislurton.com\\\/#organization\",\"name\":\"Domaines Fran\u00e7ois Lurton\",\"url\":\"https:\\\/\\\/www.domainesfrancoislurton.com\\\/\",\"logo\":{\"@type\":\"ImageObject\",\"inLanguage\":\"es\",\"@id\":\"https:\\\/\\\/www.domainesfrancoislurton.com\\\/#\\\/schema\\\/logo\\\/image\\\/\",\"url\":\"https:\\\/\\\/www.domainesfrancoislurton.com\\\/wp-content\\\/uploads\\\/2019\\\/04\\\/default-lurton.png\",\"contentUrl\":\"https:\\\/\\\/www.domainesfrancoislurton.com\\\/wp-content\\\/uploads\\\/2019\\\/04\\\/default-lurton.png\",\"width\":960,\"height\":496,\"caption\":\"Domaines Fran\u00e7ois Lurton\"},\"image\":{\"@id\":\"https:\\\/\\\/www.domainesfrancoislurton.com\\\/#\\\/schema\\\/logo\\\/image\\\/\"},\"sameAs\":[\"https:\\\/\\\/www.facebook.com\\\/DomainesFL\\\/\",\"https:\\\/\\\/x.com\\\/francoislurton\",\"https:\\\/\\\/www.instagram.com\\\/francoislurton\\\/\",\"https:\\\/\\\/www.pinterest.fr\\\/DomainesFrancoisLurton\\\/\"]}]}<\/script>\n<!-- \/ Yoast SEO plugin. -->","yoast_head_json":{"title":"Visita con cata - Domaines Fran\u00e7ois Lurton","description":"ENO-RUTA ENTRE VI\u00d1EDOS\u00a0 Con la llegada de la primavera, el vi\u00f1edo nos regala un paisaje enriquecedor que se va transformando con los meses hasta la","robots":{"index":"index","follow":"follow","max-snippet":"max-snippet:-1","max-image-preview":"max-image-preview:large","max-video-preview":"max-video-preview:-1"},"canonical":"https:\/\/www.domainesfrancoislurton.com\/es\/experiencias-enoturisticas\/visita-con-cata\/","og_locale":"es_ES","og_type":"article","og_title":"Visita con cata - Domaines Fran\u00e7ois Lurton","og_description":"ENO-RUTA ENTRE VI\u00d1EDOS\u00a0 Con la llegada de la primavera, el vi\u00f1edo nos regala un paisaje enriquecedor que se va transformando con los meses hasta la","og_url":"https:\/\/www.domainesfrancoislurton.com\/es\/experiencias-enoturisticas\/visita-con-cata\/","og_site_name":"Domaines Fran\u00e7ois Lurton","article_publisher":"https:\/\/www.facebook.com\/DomainesFL\/","article_modified_time":"2021-08-09T08:37:54+00:00","og_image":[{"width":700,"height":525,"url":"https:\/\/www.domainesfrancoislurton.com\/wp-content\/uploads\/2019\/06\/imageexperience-fiche-5-oeno-route-entre-vignobles.jpg","type":"image\/jpeg"}],"twitter_card":"summary_large_image","twitter_site":"@francoislurton","twitter_misc":{"Tiempo de lectura":"1 minuto"},"schema":{"@context":"https:\/\/schema.org","@graph":[{"@type":"WebPage","@id":"https:\/\/www.domainesfrancoislurton.com\/es\/experiencias-enoturisticas\/visita-con-cata\/","url":"https:\/\/www.domainesfrancoislurton.com\/es\/experiencias-enoturisticas\/visita-con-cata\/","name":"Visita con cata - Domaines Fran\u00e7ois Lurton","isPartOf":{"@id":"https:\/\/www.domainesfrancoislurton.com\/#website"},"primaryImageOfPage":{"@id":"https:\/\/www.domainesfrancoislurton.com\/es\/experiencias-enoturisticas\/visita-con-cata\/#primaryimage"},"image":{"@id":"https:\/\/www.domainesfrancoislurton.com\/es\/experiencias-enoturisticas\/visita-con-cata\/#primaryimage"},"thumbnailUrl":"https:\/\/www.domainesfrancoislurton.com\/wp-content\/uploads\/2019\/06\/imageexperience-fiche-5-oeno-route-entre-vignobles.jpg","datePublished":"2021-08-09T08:37:53+00:00","dateModified":"2021-08-09T08:37:54+00:00","description":"ENO-RUTA ENTRE VI\u00d1EDOS\u00a0 Con la llegada de la primavera, el vi\u00f1edo nos regala un paisaje enriquecedor que se va transformando con los meses hasta la","breadcrumb":{"@id":"https:\/\/www.domainesfrancoislurton.com\/es\/experiencias-enoturisticas\/visita-con-cata\/#breadcrumb"},"inLanguage":"es","potentialAction":[{"@type":"ReadAction","target":["https:\/\/www.domainesfrancoislurton.com\/es\/experiencias-enoturisticas\/visita-con-cata\/"]}]},{"@type":"ImageObject","inLanguage":"es","@id":"https:\/\/www.domainesfrancoislurton.com\/es\/experiencias-enoturisticas\/visita-con-cata\/#primaryimage","url":"https:\/\/www.domainesfrancoislurton.com\/wp-content\/uploads\/2019\/06\/imageexperience-fiche-5-oeno-route-entre-vignobles.jpg","contentUrl":"https:\/\/www.domainesfrancoislurton.com\/wp-content\/uploads\/2019\/06\/imageexperience-fiche-5-oeno-route-entre-vignobles.jpg","width":700,"height":525},{"@type":"BreadcrumbList","@id":"https:\/\/www.domainesfrancoislurton.com\/es\/experiencias-enoturisticas\/visita-con-cata\/#breadcrumb","itemListElement":[{"@type":"ListItem","position":1,"name":"Home","item":"https:\/\/www.domainesfrancoislurton.com\/es\/"},{"@type":"ListItem","position":2,"name":"Experiencias enotur\u00edsticas","item":"https:\/\/www.domainesfrancoislurton.com\/es\/experiencias-enoturisticas\/"},{"@type":"ListItem","position":3,"name":"Visita con cata"}]},{"@type":"WebSite","@id":"https:\/\/www.domainesfrancoislurton.com\/#website","url":"https:\/\/www.domainesfrancoislurton.com\/","name":"Domaines Fran\u00e7ois Lurton","description":"Vigneron de p\u00e8re en fils depuis 1897","publisher":{"@id":"https:\/\/www.domainesfrancoislurton.com\/#organization"},"potentialAction":[{"@type":"SearchAction","target":{"@type":"EntryPoint","urlTemplate":"https:\/\/www.domainesfrancoislurton.com\/?s={search_term_string}"},"query-input":{"@type":"PropertyValueSpecification","valueRequired":true,"valueName":"search_term_string"}}],"inLanguage":"es"},{"@type":"Organization","@id":"https:\/\/www.domainesfrancoislurton.com\/#organization","name":"Domaines Fran\u00e7ois Lurton","url":"https:\/\/www.domainesfrancoislurton.com\/","logo":{"@type":"ImageObject","inLanguage":"es","@id":"https:\/\/www.domainesfrancoislurton.com\/#\/schema\/logo\/image\/","url":"https:\/\/www.domainesfrancoislurton.com\/wp-content\/uploads\/2019\/04\/default-lurton.png","contentUrl":"https:\/\/www.domainesfrancoislurton.com\/wp-content\/uploads\/2019\/04\/default-lurton.png","width":960,"height":496,"caption":"Domaines Fran\u00e7ois Lurton"},"image":{"@id":"https:\/\/www.domainesfrancoislurton.com\/#\/schema\/logo\/image\/"},"sameAs":["https:\/\/www.facebook.com\/DomainesFL\/","https:\/\/x.com\/francoislurton","https:\/\/www.instagram.com\/francoislurton\/","https:\/\/www.pinterest.fr\/DomainesFrancoisLurton\/"]}]}},"_links":{"self":[{"href":"https:\/\/www.domainesfrancoislurton.com\/es\/wp-json\/wp\/v2\/pages\/2319","targetHints":{"allow":["GET"]}}],"collection":[{"href":"https:\/\/www.domainesfrancoislurton.com\/es\/wp-json\/wp\/v2\/pages"}],"about":[{"href":"https:\/\/www.domainesfrancoislurton.com\/es\/wp-json\/wp\/v2\/types\/page"}],"author":[{"embeddable":true,"href":"https:\/\/www.domainesfrancoislurton.com\/es\/wp-json\/wp\/v2\/users\/1"}],"replies":[{"embeddable":true,"href":"https:\/\/www.domainesfrancoislurton.com\/es\/wp-json\/wp\/v2\/comments?post=2319"}],"version-history":[{"count":2,"href":"https:\/\/www.domainesfrancoislurton.com\/es\/wp-json\/wp\/v2\/pages\/2319\/revisions"}],"predecessor-version":[{"id":2322,"href":"https:\/\/www.domainesfrancoislurton.com\/es\/wp-json\/wp\/v2\/pages\/2319\/revisions\/2322"}],"up":[{"embeddable":true,"href":"https:\/\/www.domainesfrancoislurton.com\/es\/wp-json\/wp\/v2\/pages\/2327"}],"wp:featuredmedia":[{"embeddable":true,"href":"https:\/\/www.domainesfrancoislurton.com\/es\/wp-json\/wp\/v2\/media\/1898"}],"wp:attachment":[{"href":"https:\/\/www.domainesfrancoislurton.com\/es\/wp-json\/wp\/v2\/media?parent=2319"}],"curies":[{"name":"wp","href":"https:\/\/api.w.org\/{rel}","templated":true}]}}