{"id":2720,"date":"2021-08-16T12:58:04","date_gmt":"2021-08-16T10:58:04","guid":{"rendered":"https:\/\/www.domainesfrancoislurton.com\/?page_id=2720"},"modified":"2021-08-16T12:58:04","modified_gmt":"2021-08-16T10:58:04","slug":"datos-personales","status":"publish","type":"page","link":"https:\/\/www.domainesfrancoislurton.com\/es\/aviso-legal\/datos-personales\/","title":{"rendered":"Datos personales"},"content":{"rendered":"\n<p>La direcci\u00f3n de nuestra web es:<a href=\"http:\/\/www.domainesfrancoislurton.com\"> www.domainesfrancoislurton.com<\/a><\/p>\n\n\n\n<p>Cada formulario recoge los datos personales estrictamente necesarios (minimizaci\u00f3n de datos), indic\u00e1ndose en particular:<\/p>\n\n\n\n<ul class=\"wp-block-list\"><li>la finalidad con la que se recogen los datos (finalidad);<\/li><li>el car\u00e1cter obligatorio u opcional para la gesti\u00f3n de su solicitud;<\/li><li>qui\u00e9n puede acceder a ellos (en principio s\u00f3lo la CNIL, salvo que se especifique en el formulario que la transmisi\u00f3n a un tercero es necesaria para la gesti\u00f3n de su solicitud);<\/li><li>sus derechos en materia de datos personales y c\u00f3mo ejercerlos ante la CNIL.<\/li><\/ul>\n\n\n\n<p>Los datos personales recogidos en el marco de los servicios ofrecidos en <a href=\"http:\/\/www.domainesfrancoislurton.com\">www.domainesfrancoislurton.com<\/a> son tratados mediante protocolos seguros y permiten a Fran\u00e7ois Lurton S.A. gestionar las solicitudes recibidas en sus aplicaciones inform\u00e1ticas.<\/p>\n\n\n\n<p>Para cualquier informaci\u00f3n o para ejercer sus derechos en relaci\u00f3n con el tratamiento de datos personales gestionado por Fran\u00e7ois Lurton S.A., puede ponerse en contacto con nuestro Delegado de Protecci\u00f3n de Datos (DPO):<\/p>\n\n\n\n<p><a href=\"https:\/\/www.domainesfrancoislurton.com\/contact\/\">a trav\u00e9s de este formulario<\/a><\/p>\n\n\n\n<p>o por correo postal (con una fotocopia de su documento de identidad si desea ejercer sus derechos) a la siguiente direcci\u00f3n:<\/p>\n\n\n\n<p>A la atenci\u00f3n del DPO &#8211; Delegado de Protecci\u00f3n de Datos<\/p>\n\n\n\n<h2 class=\"wp-block-heading\">Acerca de las cookies<\/h2>\n\n\n\n<p>Utilizamos varias cookies para mejorar la interactividad de la web y nuestros servicios.<\/p>\n\n\n\n<h3 class=\"wp-block-heading\">\u00bfQu\u00e9 es una \u00abcookie\u00bb?<\/h3>\n\n\n\n<p>Una \u00abcookie\u00bb es una informaci\u00f3n, contenida normalmente un archivo peque\u00f1o e identificado con un nombre, que puede ser enviada a su navegador por el sitio web que est\u00e9 visitando. Su navegador lo almacenar\u00e1 durante un periodo de tiempo, y lo enviar\u00e1 de nuevo al servidor web cada vez que vuelva a conectarse. Las funciones de las cookies son m\u00faltiples: pueden servir para memorizar sus datos de usuario o el contenido de su carrito de compra en una web comercial, rastrear su navegaci\u00f3n con fines estad\u00edsticos o publicitarios, etc.<\/p>\n\n\n\n<p>M\u00e1s informaci\u00f3n sobre las cookies, su funcionamiento y c\u00f3mo oponerse a ellas.<\/p>\n\n\n\n<h3 class=\"wp-block-heading\">Fran\u00e7ois Lurton S.A. utiliza tres tipos de cookies.<\/h3>\n\n\n\n<p>Cookies internas, necesarias para el funcionamiento de la web. Estas cookies permiten que la web funcione de forma \u00f3ptima. Puede oponerse y eliminarlas en la configuraci\u00f3n de su navegador, aunque su experiencia de usuario puede verse perjudicada.<\/p>\n\n\n\n<p>Cookies anal\u00edticas. Con el fin de ajustar nuestra web a las demandas de los usuarios, medimos el n\u00famero de visitas, el n\u00famero de p\u00e1ginas visitadas, as\u00ed como la actividad de los visitantes y la frecuencia con la que vuelven. Tambi\u00e9n recogemos su direcci\u00f3n IP para identificar la ciudad desde la que se conectan, un dato que se anonimiza inmediatamente despu\u00e9s de su uso. Esto impide que Fran\u00e7ois Lurton S.A. pueda atribu\u00edrselo a una persona f\u00edsica. Los datos personales recogidos (identificador de cookies) son conservados por Fran\u00e7ois Lurton S.A. durante 1 mes. No se transfieren a terceros ni se utilizan para ning\u00fan otro fin. Puede optar por rechazar las cookies y el an\u00e1lisis estad\u00edstico de sus datos de navegaci\u00f3n.&nbsp;<\/p>\n\n\n\n<p>La web <a href=\"http:\/\/www.domainesfrancoislurton.com\">www.domainesfrancoislurton.com<\/a> utiliza algunos servicios ofrecidos por webs de terceros.<\/p>\n\n\n\n<p>Estas funciones utilizan cookies de terceros depositadas directamente por estos servicios. Cuando visita por primera vez <a href=\"http:\/\/www.domainesfrancoislurton.com\">www.domainesfrancoislurton.com<\/a>, un banner le informa de la existencia de estas cookies y le invita a indicar sus preferencias. S\u00f3lo se depositan si las acepta o si contin\u00faa navegando, abriendo una segunda p\u00e1gina de <a href=\"http:\/\/www.domainesfrancoislurton.com\">www.domainesfrancoislurton.com<\/a>. En cualquier momento puede informarse y configurar sus cookies para aceptarlas o rechazarlas dirigi\u00e9ndose a la p\u00e1gina situada en la parte inferior derecha de cada p\u00e1gina de la web. Podr\u00e1 indicar sus preferencias generales para toda la web, o para cada uno de los servicios ofrecidos.<\/p>\n","protected":false},"excerpt":{"rendered":"<p>La direcci\u00f3n de nuestra web es: www.domainesfrancoislurton.com Cada formulario recoge los datos personales estrictamente necesarios (minimizaci\u00f3n de datos), indic\u00e1ndose en particular: la finalidad con la que se recogen los datos (finalidad); el car\u00e1cter obligatorio u opcional para la gesti\u00f3n de su solicitud; qui\u00e9n puede acceder a ellos (en principio s\u00f3lo la CNIL, salvo que se [&hellip;]<\/p>\n","protected":false},"author":1,"featured_media":0,"parent":2726,"menu_order":0,"comment_status":"closed","ping_status":"closed","template":"","meta":{"_acf_changed":false,"footnotes":""},"class_list":["post-2720","page","type-page","status-publish","hentry"],"acf":[],"yoast_head":"<!-- This site is optimized with the Yoast SEO plugin v27.3 - https:\/\/yoast.com\/product\/yoast-seo-wordpress\/ -->\n<title>Datos personales - Domaines Fran\u00e7ois Lurton<\/title>\n<meta name=\"description\" content=\"La direcci\u00f3n de nuestra web es: www.domainesfrancoislurton.com Cada formulario recoge los datos personales estrictamente necesarios (minimizaci\u00f3n de\" \/>\n<meta name=\"robots\" content=\"index, follow, max-snippet:-1, max-image-preview:large, max-video-preview:-1\" \/>\n<link rel=\"canonical\" href=\"https:\/\/www.domainesfrancoislurton.com\/es\/aviso-legal\/datos-personales\/\" \/>\n<meta property=\"og:locale\" content=\"es_ES\" \/>\n<meta property=\"og:type\" content=\"article\" \/>\n<meta property=\"og:title\" content=\"Datos personales - Domaines Fran\u00e7ois Lurton\" \/>\n<meta property=\"og:description\" content=\"La direcci\u00f3n de nuestra web es: www.domainesfrancoislurton.com Cada formulario recoge los datos personales estrictamente necesarios (minimizaci\u00f3n de\" \/>\n<meta property=\"og:url\" content=\"https:\/\/www.domainesfrancoislurton.com\/es\/aviso-legal\/datos-personales\/\" \/>\n<meta property=\"og:site_name\" content=\"Domaines Fran\u00e7ois Lurton\" \/>\n<meta property=\"article:publisher\" content=\"https:\/\/www.facebook.com\/DomainesFL\/\" \/>\n<meta property=\"og:image\" content=\"https:\/\/www.domainesfrancoislurton.com\/wp-content\/uploads\/2019\/04\/default-lurton.png\" \/>\n\t<meta property=\"og:image:width\" content=\"960\" \/>\n\t<meta property=\"og:image:height\" content=\"496\" \/>\n\t<meta property=\"og:image:type\" content=\"image\/png\" \/>\n<meta name=\"twitter:card\" content=\"summary_large_image\" \/>\n<meta name=\"twitter:site\" content=\"@francoislurton\" \/>\n<meta name=\"twitter:label1\" content=\"Tiempo de lectura\" \/>\n\t<meta name=\"twitter:data1\" content=\"3 minutos\" \/>\n<script type=\"application\/ld+json\" class=\"yoast-schema-graph\">{\"@context\":\"https:\\\/\\\/schema.org\",\"@graph\":[{\"@type\":\"WebPage\",\"@id\":\"https:\\\/\\\/www.domainesfrancoislurton.com\\\/es\\\/aviso-legal\\\/datos-personales\\\/\",\"url\":\"https:\\\/\\\/www.domainesfrancoislurton.com\\\/es\\\/aviso-legal\\\/datos-personales\\\/\",\"name\":\"Datos personales - Domaines Fran\u00e7ois Lurton\",\"isPartOf\":{\"@id\":\"https:\\\/\\\/www.domainesfrancoislurton.com\\\/#website\"},\"datePublished\":\"2021-08-16T10:58:04+00:00\",\"description\":\"La direcci\u00f3n de nuestra web es: www.domainesfrancoislurton.com Cada formulario recoge los datos personales estrictamente necesarios (minimizaci\u00f3n de\",\"breadcrumb\":{\"@id\":\"https:\\\/\\\/www.domainesfrancoislurton.com\\\/es\\\/aviso-legal\\\/datos-personales\\\/#breadcrumb\"},\"inLanguage\":\"es\",\"potentialAction\":[{\"@type\":\"ReadAction\",\"target\":[\"https:\\\/\\\/www.domainesfrancoislurton.com\\\/es\\\/aviso-legal\\\/datos-personales\\\/\"]}]},{\"@type\":\"BreadcrumbList\",\"@id\":\"https:\\\/\\\/www.domainesfrancoislurton.com\\\/es\\\/aviso-legal\\\/datos-personales\\\/#breadcrumb\",\"itemListElement\":[{\"@type\":\"ListItem\",\"position\":1,\"name\":\"Home\",\"item\":\"https:\\\/\\\/www.domainesfrancoislurton.com\\\/es\\\/\"},{\"@type\":\"ListItem\",\"position\":2,\"name\":\"Aviso legal\",\"item\":\"https:\\\/\\\/www.domainesfrancoislurton.com\\\/es\\\/aviso-legal\\\/\"},{\"@type\":\"ListItem\",\"position\":3,\"name\":\"Datos personales\"}]},{\"@type\":\"WebSite\",\"@id\":\"https:\\\/\\\/www.domainesfrancoislurton.com\\\/#website\",\"url\":\"https:\\\/\\\/www.domainesfrancoislurton.com\\\/\",\"name\":\"Domaines Fran\u00e7ois Lurton\",\"description\":\"Vigneron de p\u00e8re en fils depuis 1897\",\"publisher\":{\"@id\":\"https:\\\/\\\/www.domainesfrancoislurton.com\\\/#organization\"},\"potentialAction\":[{\"@type\":\"SearchAction\",\"target\":{\"@type\":\"EntryPoint\",\"urlTemplate\":\"https:\\\/\\\/www.domainesfrancoislurton.com\\\/?s={search_term_string}\"},\"query-input\":{\"@type\":\"PropertyValueSpecification\",\"valueRequired\":true,\"valueName\":\"search_term_string\"}}],\"inLanguage\":\"es\"},{\"@type\":\"Organization\",\"@id\":\"https:\\\/\\\/www.domainesfrancoislurton.com\\\/#organization\",\"name\":\"Domaines Fran\u00e7ois Lurton\",\"url\":\"https:\\\/\\\/www.domainesfrancoislurton.com\\\/\",\"logo\":{\"@type\":\"ImageObject\",\"inLanguage\":\"es\",\"@id\":\"https:\\\/\\\/www.domainesfrancoislurton.com\\\/#\\\/schema\\\/logo\\\/image\\\/\",\"url\":\"https:\\\/\\\/www.domainesfrancoislurton.com\\\/wp-content\\\/uploads\\\/2019\\\/04\\\/default-lurton.png\",\"contentUrl\":\"https:\\\/\\\/www.domainesfrancoislurton.com\\\/wp-content\\\/uploads\\\/2019\\\/04\\\/default-lurton.png\",\"width\":960,\"height\":496,\"caption\":\"Domaines Fran\u00e7ois Lurton\"},\"image\":{\"@id\":\"https:\\\/\\\/www.domainesfrancoislurton.com\\\/#\\\/schema\\\/logo\\\/image\\\/\"},\"sameAs\":[\"https:\\\/\\\/www.facebook.com\\\/DomainesFL\\\/\",\"https:\\\/\\\/x.com\\\/francoislurton\",\"https:\\\/\\\/www.instagram.com\\\/francoislurton\\\/\",\"https:\\\/\\\/www.pinterest.fr\\\/DomainesFrancoisLurton\\\/\"]}]}<\/script>\n<!-- \/ Yoast SEO plugin. -->","yoast_head_json":{"title":"Datos personales - Domaines Fran\u00e7ois Lurton","description":"La direcci\u00f3n de nuestra web es: www.domainesfrancoislurton.com Cada formulario recoge los datos personales estrictamente necesarios (minimizaci\u00f3n de","robots":{"index":"index","follow":"follow","max-snippet":"max-snippet:-1","max-image-preview":"max-image-preview:large","max-video-preview":"max-video-preview:-1"},"canonical":"https:\/\/www.domainesfrancoislurton.com\/es\/aviso-legal\/datos-personales\/","og_locale":"es_ES","og_type":"article","og_title":"Datos personales - Domaines Fran\u00e7ois Lurton","og_description":"La direcci\u00f3n de nuestra web es: www.domainesfrancoislurton.com Cada formulario recoge los datos personales estrictamente necesarios (minimizaci\u00f3n de","og_url":"https:\/\/www.domainesfrancoislurton.com\/es\/aviso-legal\/datos-personales\/","og_site_name":"Domaines Fran\u00e7ois Lurton","article_publisher":"https:\/\/www.facebook.com\/DomainesFL\/","og_image":[{"width":960,"height":496,"url":"https:\/\/www.domainesfrancoislurton.com\/wp-content\/uploads\/2019\/04\/default-lurton.png","type":"image\/png"}],"twitter_card":"summary_large_image","twitter_site":"@francoislurton","twitter_misc":{"Tiempo de lectura":"3 minutos"},"schema":{"@context":"https:\/\/schema.org","@graph":[{"@type":"WebPage","@id":"https:\/\/www.domainesfrancoislurton.com\/es\/aviso-legal\/datos-personales\/","url":"https:\/\/www.domainesfrancoislurton.com\/es\/aviso-legal\/datos-personales\/","name":"Datos personales - Domaines Fran\u00e7ois Lurton","isPartOf":{"@id":"https:\/\/www.domainesfrancoislurton.com\/#website"},"datePublished":"2021-08-16T10:58:04+00:00","description":"La direcci\u00f3n de nuestra web es: www.domainesfrancoislurton.com Cada formulario recoge los datos personales estrictamente necesarios (minimizaci\u00f3n de","breadcrumb":{"@id":"https:\/\/www.domainesfrancoislurton.com\/es\/aviso-legal\/datos-personales\/#breadcrumb"},"inLanguage":"es","potentialAction":[{"@type":"ReadAction","target":["https:\/\/www.domainesfrancoislurton.com\/es\/aviso-legal\/datos-personales\/"]}]},{"@type":"BreadcrumbList","@id":"https:\/\/www.domainesfrancoislurton.com\/es\/aviso-legal\/datos-personales\/#breadcrumb","itemListElement":[{"@type":"ListItem","position":1,"name":"Home","item":"https:\/\/www.domainesfrancoislurton.com\/es\/"},{"@type":"ListItem","position":2,"name":"Aviso legal","item":"https:\/\/www.domainesfrancoislurton.com\/es\/aviso-legal\/"},{"@type":"ListItem","position":3,"name":"Datos personales"}]},{"@type":"WebSite","@id":"https:\/\/www.domainesfrancoislurton.com\/#website","url":"https:\/\/www.domainesfrancoislurton.com\/","name":"Domaines Fran\u00e7ois Lurton","description":"Vigneron de p\u00e8re en fils depuis 1897","publisher":{"@id":"https:\/\/www.domainesfrancoislurton.com\/#organization"},"potentialAction":[{"@type":"SearchAction","target":{"@type":"EntryPoint","urlTemplate":"https:\/\/www.domainesfrancoislurton.com\/?s={search_term_string}"},"query-input":{"@type":"PropertyValueSpecification","valueRequired":true,"valueName":"search_term_string"}}],"inLanguage":"es"},{"@type":"Organization","@id":"https:\/\/www.domainesfrancoislurton.com\/#organization","name":"Domaines Fran\u00e7ois Lurton","url":"https:\/\/www.domainesfrancoislurton.com\/","logo":{"@type":"ImageObject","inLanguage":"es","@id":"https:\/\/www.domainesfrancoislurton.com\/#\/schema\/logo\/image\/","url":"https:\/\/www.domainesfrancoislurton.com\/wp-content\/uploads\/2019\/04\/default-lurton.png","contentUrl":"https:\/\/www.domainesfrancoislurton.com\/wp-content\/uploads\/2019\/04\/default-lurton.png","width":960,"height":496,"caption":"Domaines Fran\u00e7ois Lurton"},"image":{"@id":"https:\/\/www.domainesfrancoislurton.com\/#\/schema\/logo\/image\/"},"sameAs":["https:\/\/www.facebook.com\/DomainesFL\/","https:\/\/x.com\/francoislurton","https:\/\/www.instagram.com\/francoislurton\/","https:\/\/www.pinterest.fr\/DomainesFrancoisLurton\/"]}]}},"_links":{"self":[{"href":"https:\/\/www.domainesfrancoislurton.com\/es\/wp-json\/wp\/v2\/pages\/2720","targetHints":{"allow":["GET"]}}],"collection":[{"href":"https:\/\/www.domainesfrancoislurton.com\/es\/wp-json\/wp\/v2\/pages"}],"about":[{"href":"https:\/\/www.domainesfrancoislurton.com\/es\/wp-json\/wp\/v2\/types\/page"}],"author":[{"embeddable":true,"href":"https:\/\/www.domainesfrancoislurton.com\/es\/wp-json\/wp\/v2\/users\/1"}],"replies":[{"embeddable":true,"href":"https:\/\/www.domainesfrancoislurton.com\/es\/wp-json\/wp\/v2\/comments?post=2720"}],"version-history":[{"count":1,"href":"https:\/\/www.domainesfrancoislurton.com\/es\/wp-json\/wp\/v2\/pages\/2720\/revisions"}],"predecessor-version":[{"id":2724,"href":"https:\/\/www.domainesfrancoislurton.com\/es\/wp-json\/wp\/v2\/pages\/2720\/revisions\/2724"}],"up":[{"embeddable":true,"href":"https:\/\/www.domainesfrancoislurton.com\/es\/wp-json\/wp\/v2\/pages\/2726"}],"wp:attachment":[{"href":"https:\/\/www.domainesfrancoislurton.com\/es\/wp-json\/wp\/v2\/media?parent=2720"}],"curies":[{"name":"wp","href":"https:\/\/api.w.org\/{rel}","templated":true}]}}