{"id":2726,"date":"2021-08-16T13:05:11","date_gmt":"2021-08-16T11:05:11","guid":{"rendered":"https:\/\/www.domainesfrancoislurton.com\/?page_id=2726"},"modified":"2021-08-16T13:05:12","modified_gmt":"2021-08-16T11:05:12","slug":"aviso-legal","status":"publish","type":"page","link":"https:\/\/www.domainesfrancoislurton.com\/es\/aviso-legal\/","title":{"rendered":"Aviso legal"},"content":{"rendered":"\n<h2 class=\"wp-block-heading\">Propietario, responsable de la web<\/h2>\n\n\n\n<p>La web <a href=\"http:\/\/www.domainesfrancoislurton.com\">www.domainesfrancoislurton.com<\/a> est\u00e1 editada por Fran\u00e7ois Lurton S.A., Domaine de poumeyrade, 33870 Vayres.<\/p>\n\n\n\n<p>Tel. +33 5 57 55 12 12<\/p>\n\n\n\n<h2 class=\"wp-block-heading\">Utilizaci\u00f3n de la web www.domainesfrancoislurton.com<\/h2>\n\n\n\n<p>El simple hecho de acceder al sitio web implica que acepta sin reservas los t\u00e9rminos y condiciones que se establecen a continuaci\u00f3n. Si no tiene intenci\u00f3n de aceptar las condiciones, le rogamos que interrumpa la consulta de esta web.<\/p>\n\n\n\n<p>Fran\u00e7ois Lurton S.A. se reserva el derecho de modificar estas condiciones en cualquier momento. Por lo tanto, se aconseja consultar peri\u00f3dicamente la \u00faltima versi\u00f3n en vigor.<\/p>\n\n\n\n<p>Ciertos peligros son inherentes al uso de Internet y se advierte al usuario de la necesidad de tener en cuenta los riesgos potenciales (virus inform\u00e1ticos, errores, ralentizaci\u00f3n, etc.) antes de consultar la web <a href=\"http:\/\/www.domainesfrancoislurton.com\">www.domainesfrancoislurton.com<\/a>.\u00a0<\/p>\n\n\n\n<p>Los usuarios de la web est\u00e1n obligados a respetar las disposiciones de la legislaci\u00f3n francesa en materia de datos personales, cuya infracci\u00f3n se castiga penalmente. En particular, deben abstenerse de recopilar o utilizar indebidamente la informaci\u00f3n personal a la que acceden y, en general, de cualquier acto que pueda atentar contra la intimidad o la reputaci\u00f3n de las personas. Fran\u00e7ois Lurton S.A. no podr\u00e1 ser considerada responsable de cualquier da\u00f1o directo y\/o indirecto derivado de la utilizaci\u00f3n que haga el cliente de la web y\/o de cualquier informaci\u00f3n que contenga.<\/p>\n\n\n\n<p>La web <a href=\"http:\/\/www.domainesfrancoislurton.com\">www.domainesfrancoislurton.com<\/a> puede remitir al usuario a otras webs mediante enlaces de hipertexto. En ning\u00fan caso, Fran\u00e7ois Lurton S.A. ser\u00e1 responsable del contenido de estas webs, que son responsabilidad exclusiva de sus propietarios.<\/p>\n\n\n\n<h2 class=\"wp-block-heading\">Director de la publicaci\u00f3n<\/h2>\n\n\n\n<p>El director de la publicaci\u00f3n de la web <a href=\"http:\/\/www.domainesfrancoislurton.com\">www.domainesfrancoislurton.com<\/a> es Fran\u00e7ois Lurton.<\/p>\n\n\n\n<h2 class=\"wp-block-heading\">Alojamiento web<\/h2>\n\n\n\n<p>La web est\u00e1 alojada en:<\/p>\n\n\n\n<p>OVH, sociedad por acciones simplificada con un capital de diez millones de euros, inscrita en el Registro Mercantil de Lille Metropole B con el n\u00famero 424 761 419, cuyo domicilio social se encuentra en<\/p>\n\n\n\n<p>SAS OVH &#8211; https:\/\/www.ovh.com\/fr\/&nbsp;<\/p>\n\n\n\n<p>2 rue Kellermann<\/p>\n\n\n\n<p>BP 80157 59100<\/p>\n\n\n\n<p>Roubaix<\/p>\n\n\n\n<h2 class=\"wp-block-heading\">An\u00e1lisis del tr\u00e1fico web<\/h2>\n\n\n\n<p>La web que est\u00e1 visitando es analizado por la herramienta de anal\u00edtica web Google Analytics. La medici\u00f3n se realiza a trav\u00e9s de un sistema de etiquetas remotas (que utiliza el lenguaje Javascript) que permite recoger datos estad\u00edsticos sobre nuestra audiencia con el fin de mejorar la calidad y la ergonom\u00eda de nuestra web.<\/p>\n\n\n\n<p>Las mediciones se realizan de forma totalmente an\u00f3nima y no nos es posible conocer la identidad de los visitantes.<\/p>\n\n\n\n<h2 class=\"wp-block-heading\">Uso de cookies<\/h2>\n\n\n\n<p>Cuando visita nuestra web, depositamos una serie de \u00abcookies\u00bb en su ordenador. Una \u00abcookie\u00bb es un peque\u00f1o archivo de texto almacenado por el navegador web en el disco duro del usuario. La cookie no permite identificarle, sino que registra informaci\u00f3n sobre la navegaci\u00f3n de su ordenador en nuestra web (p\u00e1ginas consultadas, fecha y hora de la consulta\u2026).<\/p>\n\n\n\n<p>Esta informaci\u00f3n se almacena en su ordenador durante 30 d\u00edas en el caso de <a href=\"http:\/\/www.domainesfrancoislurton.com\">www.domainesfrancoislurton.com<\/a> y 4 a\u00f1os en el caso de Google Analytics.<\/p>\n\n\n\n<p>Le informamos de que puede oponerse a las cookies configurando su navegador.<\/p>\n\n\n\n<p>De acuerdo con el art\u00edculo 8.1 de las condiciones de servicio de Google Analytics, queremos se\u00f1alar a nuestros visitantes lo siguiente:<\/p>\n\n\n\n<p>\u00abEste sitio web utiliza Google Analytics, un servicio de an\u00e1lisis web proporcionado por Google Inc. (\u00abGoogle\u00bb). Google Analytics utiliza \u00abcookies\u00bb, que son archivos de texto ubicados en su ordenador, para ayudar al sitio web a analizar el uso que hacen los usuarios. La informaci\u00f3n que genera la cookie acerca de su uso del sitio web (incluyendo su direcci\u00f3n IP) ser\u00e1 transmitida y almacenada por Google en servidores en los Estados Unidos. Google utilizar\u00e1 esta informaci\u00f3n con el fin de evaluar su uso de la web, recopilando informes de la actividad del sitio web para los operadores del mismo y prestando otros servicios relacionados con la actividad del sitio web y el uso de Internet. Google podr\u00e1 transferir dicha informaci\u00f3n a terceros cuando as\u00ed lo exija la ley o cuando dichos terceros procesen la informaci\u00f3n por cuenta de Google. Google no asociar\u00e1 su direcci\u00f3n IP con ning\u00fan otro dato del que disponga Google. Puede rechazar la instalaci\u00f3n de cookies modificando sus preferencias en su navegador. Sin embargo, si lo hace, es posible que no pueda utilizar todas las funciones de este sitio web. Al utilizar este sitio&nbsp; web, usted consiente el tratamiento de sus datos por parte de Google en la forma y para los fines anteriormente indicados\u00bb.<\/p>\n\n\n\n<h2 class=\"wp-block-heading\">Cr\u00e9ditos fotogr\u00e1ficos<\/h2>\n\n\n\n<p>Las fotos de esta web son propiedad exclusiva de su autor. Est\u00e1n protegidos por el C\u00f3digo franc\u00e9s de Propiedad Intelectual y, en general, por los tratados y acuerdos internacionales que contienen disposiciones relativas a la protecci\u00f3n de los derechos de autor.<\/p>\n\n\n\n<p>Estos textos proh\u00edben, sea cual sea el procedimiento utilizado, cualquier representaci\u00f3n&nbsp; o reproducci\u00f3n, total o parcial, para un uso distinto del privado o la modificaci\u00f3n sin la autorizaci\u00f3n expresa del autor o de sus derechohabientes.<\/p>\n\n\n\n<h2 class=\"wp-block-heading\">Propiedad intelectual &#8211; Derechos de autor<\/h2>\n\n\n\n<p>El contenido de esta web est\u00e1 sujeto a la legislaci\u00f3n francesa e internacional sobre derechos de autor y propiedad intelectual.<\/p>\n\n\n\n<p>Fran\u00e7ois Lurton S.A. ostenta todos los derechos patrimoniales y morales relacionados con los documentos de esta web, con la salvedad de los derechos de los autores de las obras publicadas en esta web. Por lo tanto, quedan reservados todos los derechos de reproducci\u00f3n, en soporte electr\u00f3nico o en papel, incluidos los documentos descargables y las representaciones iconogr\u00e1ficas y\/o fotogr\u00e1ficas.<\/p>\n\n\n\n<p>Se proh\u00edbe a los visitantes de la web <a href=\"http:\/\/www.domainesfrancoislurton.com\">www.domainesfrancoislurton.com<\/a> recoger, captar, distorsionar o utilizar la informaci\u00f3n a la que tienen acceso.<\/p>\n\n\n\n<p>Fran\u00e7ois Lurton S.A. emprender\u00e1 acciones legales contra cualquier intento de uso indebido de la documentaci\u00f3n de la web.<\/p>\n\n\n\n<h2 class=\"wp-block-heading\">Tratamiento autom\u00e1tico de datos personales en www.domainesfrancoislurton.com<\/h2>\n\n\n\n<p>De conformidad con la ley de 6 de enero de 1978 modificada por la ley de 6 de agosto de 2004 relativa a la inform\u00e1tica, los archivos y las libertades, as\u00ed como su decreto de aplicaci\u00f3n de 17 de julio de 1978 y el art\u00edculo 43 de la ley de 30 de septiembre de 1986 modificado, el sitio ha sido declarado ante la Comisi\u00f3n Nacional de Inform\u00e1tica y Libertades (CNIL). El responsable del tratamiento es Fran\u00e7ois Lurton S.A. (representado por Fran\u00e7ois Lurton). Los datos personales recogidos est\u00e1n destinados a proporcionar al usuario los servicios ofrecidos por Fran\u00e7ois Lurton S.A. y no ser\u00e1n utilizados para fines no previstos en el presente Aviso Legal.<\/p>\n\n\n\n<p>Nos comprometemos a tomar todas las precauciones necesarias para proteger la seguridad de los datos y, en particular, para evitar que sean alterados, da\u00f1ados o comunicados a terceros.<\/p>\n\n\n\n<h2 class=\"wp-block-heading\">Derecho de acceso, modificaci\u00f3n, rectificaci\u00f3n y supresi\u00f3n de datos<\/h2>\n\n\n\n<p>Los usuarios tienen derecho a acceder, modificar, rectificar y suprimir sus datos personales, de conformidad con los art\u00edculos 39 y 40 de la ley de 6 de enero de 1978, modificada por la ley de 6 de agosto de 2004, y las recomendaciones de la LCEN. Para ejercer este derecho, puede ponerse en contacto con la S.A. Fran\u00e7ois Lurton por correo en:<\/p>\n\n\n\n<p>Domaine de poumeyrade,&nbsp;<\/p>\n\n\n\n<p>33870 Vayres.<\/p>\n\n\n\n<p>Dado que internet no garantiza la integridad de los mensajes electr\u00f3nicos (correo electr\u00f3nico), Fran\u00e7ois Lurton S.A. declina toda responsabilidad en caso de que \u00e9stos hayan sido interceptados o modificados por cualquier persona. No revele informaci\u00f3n personal sensible. Si desea comunicarnos informaci\u00f3n confidencial, le aconsejamos que utilice el servicio postal.<\/p>\n\n\n\n<h2 class=\"wp-block-heading\">No cesi\u00f3n del fichero del cliente<\/h2>\n\n\n\n<p>Fran\u00e7ois Lurton S.A. es el \u00fanico destinatario de los datos personales y no ceder\u00e1 su fichero de clientes.<\/p>\n\n\n\n<h2 class=\"wp-block-heading\">Accesibilidad de la web<\/h2>\n\n\n\n<p>La accesibilidad es esencial a la hora de consultar una web y hacemos todo lo posible para que sea lo m\u00e1s accesible posible.<\/p>\n\n\n\n<p>Hacemos todo lo posible por respetar los est\u00e1ndares web (XHTML, CSS) publicados por el World Wide Web Consortium (W3C).<\/p>\n","protected":false},"excerpt":{"rendered":"<p>Propietario, responsable de la web La web www.domainesfrancoislurton.com est\u00e1 editada por Fran\u00e7ois Lurton S.A., Domaine de poumeyrade, 33870 Vayres. Tel. +33 5 57 55 12 12 Utilizaci\u00f3n de la web www.domainesfrancoislurton.com El simple hecho de acceder al sitio web implica que acepta sin reservas los t\u00e9rminos y condiciones que se establecen a continuaci\u00f3n. Si no [&hellip;]<\/p>\n","protected":false},"author":1,"featured_media":0,"parent":0,"menu_order":0,"comment_status":"closed","ping_status":"closed","template":"","meta":{"_acf_changed":false,"footnotes":""},"class_list":["post-2726","page","type-page","status-publish","hentry"],"acf":[],"yoast_head":"<!-- This site is optimized with the Yoast SEO plugin v27.3 - https:\/\/yoast.com\/product\/yoast-seo-wordpress\/ -->\n<title>Aviso legal - Domaines Fran\u00e7ois Lurton<\/title>\n<meta name=\"description\" content=\"Propietario, responsable de la web La web www.domainesfrancoislurton.com est\u00e1 editada por Fran\u00e7ois Lurton S.A., Domaine de poumeyrade, 33870 Vayres. Tel.\" \/>\n<meta name=\"robots\" content=\"index, follow, max-snippet:-1, max-image-preview:large, max-video-preview:-1\" \/>\n<link rel=\"canonical\" href=\"https:\/\/www.domainesfrancoislurton.com\/es\/aviso-legal\/\" \/>\n<meta property=\"og:locale\" content=\"es_ES\" \/>\n<meta property=\"og:type\" content=\"article\" \/>\n<meta property=\"og:title\" content=\"Aviso legal - Domaines Fran\u00e7ois Lurton\" \/>\n<meta property=\"og:description\" content=\"Propietario, responsable de la web La web www.domainesfrancoislurton.com est\u00e1 editada por Fran\u00e7ois Lurton S.A., Domaine de poumeyrade, 33870 Vayres. Tel.\" \/>\n<meta property=\"og:url\" content=\"https:\/\/www.domainesfrancoislurton.com\/es\/aviso-legal\/\" \/>\n<meta property=\"og:site_name\" content=\"Domaines Fran\u00e7ois Lurton\" \/>\n<meta property=\"article:publisher\" content=\"https:\/\/www.facebook.com\/DomainesFL\/\" \/>\n<meta property=\"article:modified_time\" content=\"2021-08-16T11:05:12+00:00\" \/>\n<meta property=\"og:image\" content=\"https:\/\/www.domainesfrancoislurton.com\/wp-content\/uploads\/2019\/04\/default-lurton.png\" \/>\n\t<meta property=\"og:image:width\" content=\"960\" \/>\n\t<meta property=\"og:image:height\" content=\"496\" \/>\n\t<meta property=\"og:image:type\" content=\"image\/png\" \/>\n<meta name=\"twitter:card\" content=\"summary_large_image\" \/>\n<meta name=\"twitter:site\" content=\"@francoislurton\" \/>\n<meta name=\"twitter:label1\" content=\"Tiempo de lectura\" \/>\n\t<meta name=\"twitter:data1\" content=\"6 minutos\" \/>\n<script type=\"application\/ld+json\" class=\"yoast-schema-graph\">{\"@context\":\"https:\\\/\\\/schema.org\",\"@graph\":[{\"@type\":\"WebPage\",\"@id\":\"https:\\\/\\\/www.domainesfrancoislurton.com\\\/es\\\/aviso-legal\\\/\",\"url\":\"https:\\\/\\\/www.domainesfrancoislurton.com\\\/es\\\/aviso-legal\\\/\",\"name\":\"Aviso legal - Domaines Fran\u00e7ois Lurton\",\"isPartOf\":{\"@id\":\"https:\\\/\\\/www.domainesfrancoislurton.com\\\/#website\"},\"datePublished\":\"2021-08-16T11:05:11+00:00\",\"dateModified\":\"2021-08-16T11:05:12+00:00\",\"description\":\"Propietario, responsable de la web La web www.domainesfrancoislurton.com est\u00e1 editada por Fran\u00e7ois Lurton S.A., Domaine de poumeyrade, 33870 Vayres. Tel.\",\"breadcrumb\":{\"@id\":\"https:\\\/\\\/www.domainesfrancoislurton.com\\\/es\\\/aviso-legal\\\/#breadcrumb\"},\"inLanguage\":\"es\",\"potentialAction\":[{\"@type\":\"ReadAction\",\"target\":[\"https:\\\/\\\/www.domainesfrancoislurton.com\\\/es\\\/aviso-legal\\\/\"]}]},{\"@type\":\"BreadcrumbList\",\"@id\":\"https:\\\/\\\/www.domainesfrancoislurton.com\\\/es\\\/aviso-legal\\\/#breadcrumb\",\"itemListElement\":[{\"@type\":\"ListItem\",\"position\":1,\"name\":\"Home\",\"item\":\"https:\\\/\\\/www.domainesfrancoislurton.com\\\/es\\\/\"},{\"@type\":\"ListItem\",\"position\":2,\"name\":\"Aviso legal\"}]},{\"@type\":\"WebSite\",\"@id\":\"https:\\\/\\\/www.domainesfrancoislurton.com\\\/#website\",\"url\":\"https:\\\/\\\/www.domainesfrancoislurton.com\\\/\",\"name\":\"Domaines Fran\u00e7ois Lurton\",\"description\":\"Vigneron de p\u00e8re en fils depuis 1897\",\"publisher\":{\"@id\":\"https:\\\/\\\/www.domainesfrancoislurton.com\\\/#organization\"},\"potentialAction\":[{\"@type\":\"SearchAction\",\"target\":{\"@type\":\"EntryPoint\",\"urlTemplate\":\"https:\\\/\\\/www.domainesfrancoislurton.com\\\/?s={search_term_string}\"},\"query-input\":{\"@type\":\"PropertyValueSpecification\",\"valueRequired\":true,\"valueName\":\"search_term_string\"}}],\"inLanguage\":\"es\"},{\"@type\":\"Organization\",\"@id\":\"https:\\\/\\\/www.domainesfrancoislurton.com\\\/#organization\",\"name\":\"Domaines Fran\u00e7ois Lurton\",\"url\":\"https:\\\/\\\/www.domainesfrancoislurton.com\\\/\",\"logo\":{\"@type\":\"ImageObject\",\"inLanguage\":\"es\",\"@id\":\"https:\\\/\\\/www.domainesfrancoislurton.com\\\/#\\\/schema\\\/logo\\\/image\\\/\",\"url\":\"https:\\\/\\\/www.domainesfrancoislurton.com\\\/wp-content\\\/uploads\\\/2019\\\/04\\\/default-lurton.png\",\"contentUrl\":\"https:\\\/\\\/www.domainesfrancoislurton.com\\\/wp-content\\\/uploads\\\/2019\\\/04\\\/default-lurton.png\",\"width\":960,\"height\":496,\"caption\":\"Domaines Fran\u00e7ois Lurton\"},\"image\":{\"@id\":\"https:\\\/\\\/www.domainesfrancoislurton.com\\\/#\\\/schema\\\/logo\\\/image\\\/\"},\"sameAs\":[\"https:\\\/\\\/www.facebook.com\\\/DomainesFL\\\/\",\"https:\\\/\\\/x.com\\\/francoislurton\",\"https:\\\/\\\/www.instagram.com\\\/francoislurton\\\/\",\"https:\\\/\\\/www.pinterest.fr\\\/DomainesFrancoisLurton\\\/\"]}]}<\/script>\n<!-- \/ Yoast SEO plugin. -->","yoast_head_json":{"title":"Aviso legal - Domaines Fran\u00e7ois Lurton","description":"Propietario, responsable de la web La web www.domainesfrancoislurton.com est\u00e1 editada por Fran\u00e7ois Lurton S.A., Domaine de poumeyrade, 33870 Vayres. Tel.","robots":{"index":"index","follow":"follow","max-snippet":"max-snippet:-1","max-image-preview":"max-image-preview:large","max-video-preview":"max-video-preview:-1"},"canonical":"https:\/\/www.domainesfrancoislurton.com\/es\/aviso-legal\/","og_locale":"es_ES","og_type":"article","og_title":"Aviso legal - Domaines Fran\u00e7ois Lurton","og_description":"Propietario, responsable de la web La web www.domainesfrancoislurton.com est\u00e1 editada por Fran\u00e7ois Lurton S.A., Domaine de poumeyrade, 33870 Vayres. Tel.","og_url":"https:\/\/www.domainesfrancoislurton.com\/es\/aviso-legal\/","og_site_name":"Domaines Fran\u00e7ois Lurton","article_publisher":"https:\/\/www.facebook.com\/DomainesFL\/","article_modified_time":"2021-08-16T11:05:12+00:00","og_image":[{"width":960,"height":496,"url":"https:\/\/www.domainesfrancoislurton.com\/wp-content\/uploads\/2019\/04\/default-lurton.png","type":"image\/png"}],"twitter_card":"summary_large_image","twitter_site":"@francoislurton","twitter_misc":{"Tiempo de lectura":"6 minutos"},"schema":{"@context":"https:\/\/schema.org","@graph":[{"@type":"WebPage","@id":"https:\/\/www.domainesfrancoislurton.com\/es\/aviso-legal\/","url":"https:\/\/www.domainesfrancoislurton.com\/es\/aviso-legal\/","name":"Aviso legal - Domaines Fran\u00e7ois Lurton","isPartOf":{"@id":"https:\/\/www.domainesfrancoislurton.com\/#website"},"datePublished":"2021-08-16T11:05:11+00:00","dateModified":"2021-08-16T11:05:12+00:00","description":"Propietario, responsable de la web La web www.domainesfrancoislurton.com est\u00e1 editada por Fran\u00e7ois Lurton S.A., Domaine de poumeyrade, 33870 Vayres. Tel.","breadcrumb":{"@id":"https:\/\/www.domainesfrancoislurton.com\/es\/aviso-legal\/#breadcrumb"},"inLanguage":"es","potentialAction":[{"@type":"ReadAction","target":["https:\/\/www.domainesfrancoislurton.com\/es\/aviso-legal\/"]}]},{"@type":"BreadcrumbList","@id":"https:\/\/www.domainesfrancoislurton.com\/es\/aviso-legal\/#breadcrumb","itemListElement":[{"@type":"ListItem","position":1,"name":"Home","item":"https:\/\/www.domainesfrancoislurton.com\/es\/"},{"@type":"ListItem","position":2,"name":"Aviso legal"}]},{"@type":"WebSite","@id":"https:\/\/www.domainesfrancoislurton.com\/#website","url":"https:\/\/www.domainesfrancoislurton.com\/","name":"Domaines Fran\u00e7ois Lurton","description":"Vigneron de p\u00e8re en fils depuis 1897","publisher":{"@id":"https:\/\/www.domainesfrancoislurton.com\/#organization"},"potentialAction":[{"@type":"SearchAction","target":{"@type":"EntryPoint","urlTemplate":"https:\/\/www.domainesfrancoislurton.com\/?s={search_term_string}"},"query-input":{"@type":"PropertyValueSpecification","valueRequired":true,"valueName":"search_term_string"}}],"inLanguage":"es"},{"@type":"Organization","@id":"https:\/\/www.domainesfrancoislurton.com\/#organization","name":"Domaines Fran\u00e7ois Lurton","url":"https:\/\/www.domainesfrancoislurton.com\/","logo":{"@type":"ImageObject","inLanguage":"es","@id":"https:\/\/www.domainesfrancoislurton.com\/#\/schema\/logo\/image\/","url":"https:\/\/www.domainesfrancoislurton.com\/wp-content\/uploads\/2019\/04\/default-lurton.png","contentUrl":"https:\/\/www.domainesfrancoislurton.com\/wp-content\/uploads\/2019\/04\/default-lurton.png","width":960,"height":496,"caption":"Domaines Fran\u00e7ois Lurton"},"image":{"@id":"https:\/\/www.domainesfrancoislurton.com\/#\/schema\/logo\/image\/"},"sameAs":["https:\/\/www.facebook.com\/DomainesFL\/","https:\/\/x.com\/francoislurton","https:\/\/www.instagram.com\/francoislurton\/","https:\/\/www.pinterest.fr\/DomainesFrancoisLurton\/"]}]}},"_links":{"self":[{"href":"https:\/\/www.domainesfrancoislurton.com\/es\/wp-json\/wp\/v2\/pages\/2726","targetHints":{"allow":["GET"]}}],"collection":[{"href":"https:\/\/www.domainesfrancoislurton.com\/es\/wp-json\/wp\/v2\/pages"}],"about":[{"href":"https:\/\/www.domainesfrancoislurton.com\/es\/wp-json\/wp\/v2\/types\/page"}],"author":[{"embeddable":true,"href":"https:\/\/www.domainesfrancoislurton.com\/es\/wp-json\/wp\/v2\/users\/1"}],"replies":[{"embeddable":true,"href":"https:\/\/www.domainesfrancoislurton.com\/es\/wp-json\/wp\/v2\/comments?post=2726"}],"version-history":[{"count":1,"href":"https:\/\/www.domainesfrancoislurton.com\/es\/wp-json\/wp\/v2\/pages\/2726\/revisions"}],"predecessor-version":[{"id":2728,"href":"https:\/\/www.domainesfrancoislurton.com\/es\/wp-json\/wp\/v2\/pages\/2726\/revisions\/2728"}],"wp:attachment":[{"href":"https:\/\/www.domainesfrancoislurton.com\/es\/wp-json\/wp\/v2\/media?parent=2726"}],"curies":[{"name":"wp","href":"https:\/\/api.w.org\/{rel}","templated":true}]}}