{"id":2781,"date":"2021-08-16T13:21:48","date_gmt":"2021-08-16T11:21:48","guid":{"rendered":"https:\/\/www.domainesfrancoislurton.com\/?page_id=2781"},"modified":"2021-08-16T13:21:48","modified_gmt":"2021-08-16T11:21:48","slug":"nuestro-equipo","status":"publish","type":"page","link":"https:\/\/www.domainesfrancoislurton.com\/es\/nuestro-equipo\/","title":{"rendered":"Nuestro equipo"},"content":{"rendered":"\n<h4 class=\"wp-block-heading\">Fran\u00e7ois Lurton<\/h4>\n\n\n\n<div class=\"wp-block-image\"><figure class=\"aligncenter\"><img loading=\"lazy\" decoding=\"async\" width=\"1024\" height=\"1018\" src=\"https:\/\/www.domainesfrancoislurton.com\/wp-content\/uploads\/2019\/06\/FL2-1024x1018.jpg\" alt=\"\" class=\"wp-image-1933\" srcset=\"https:\/\/www.domainesfrancoislurton.com\/wp-content\/uploads\/2019\/06\/FL2-1024x1018.jpg 1024w, https:\/\/www.domainesfrancoislurton.com\/wp-content\/uploads\/2019\/06\/FL2-180x179.jpg 180w, https:\/\/www.domainesfrancoislurton.com\/wp-content\/uploads\/2019\/06\/FL2-150x150.jpg 150w, https:\/\/www.domainesfrancoislurton.com\/wp-content\/uploads\/2019\/06\/FL2-300x298.jpg 300w, https:\/\/www.domainesfrancoislurton.com\/wp-content\/uploads\/2019\/06\/FL2-768x764.jpg 768w, https:\/\/www.domainesfrancoislurton.com\/wp-content\/uploads\/2019\/06\/FL2-400x398.jpg 400w, https:\/\/www.domainesfrancoislurton.com\/wp-content\/uploads\/2019\/06\/FL2-50x50.jpg 50w, https:\/\/www.domainesfrancoislurton.com\/wp-content\/uploads\/2019\/06\/FL2.jpg 1080w\" sizes=\"auto, (max-width: 1024px) 100vw, 1024px\" \/><\/figure><\/div>\n\n\n\n<p>Fran\u00e7ois Lurton pertenece a la cuarta generaci\u00f3n de viticultores de esta gran familia productora de vinos en la regi\u00f3n de Burdeos desde 1897.<br>Su bisabuelo, antes de dedicarse a la producci\u00f3n de vino, llevaba elaborando licores en la regi\u00f3n de Burdeos desde mediados del siglo XIX.<br>Fran\u00e7ois es uno de esos personajes a los que es tentador ce\u00f1ir a una historia y un pasado que lo han marcado, pero para \u00e9l solo cuenta una palabra: \u00abExigencia\u00bb. Hoy en d\u00eda, la excelencia no es una cuesti\u00f3n de suerte. Hay que ser natural, atento y cuidadoso: \u00abLa naturaleza s\u00f3lo se expresar\u00e1 si le damos los medios para hacerlo\u00bb. Para lograr que la tierra se exprese, se necesitan t\u00e9cnicas innovadoras, un agudo saber hacer, una pizca de audacia, mucho rigor y sensibilidad, as\u00ed como un compromiso tenaz con la agricultura ecol\u00f3gica. Todo esto lo re\u00fane Fran\u00e7ois Lurton.<\/p>\n","protected":false},"excerpt":{"rendered":"<p>Fran\u00e7ois Lurton Fran\u00e7ois Lurton pertenece a la cuarta generaci\u00f3n de viticultores de esta gran familia productora de vinos en la regi\u00f3n de Burdeos desde 1897.Su bisabuelo, antes de dedicarse a la producci\u00f3n de vino, llevaba elaborando licores en la regi\u00f3n de Burdeos desde mediados del siglo XIX.Fran\u00e7ois es uno de esos personajes a los que [&hellip;]<\/p>\n","protected":false},"author":1,"featured_media":0,"parent":0,"menu_order":0,"comment_status":"closed","ping_status":"closed","template":"","meta":{"_acf_changed":false,"footnotes":""},"class_list":["post-2781","page","type-page","status-publish","hentry"],"acf":[],"yoast_head":"<!-- This site is optimized with the Yoast SEO plugin v27.5 - https:\/\/yoast.com\/product\/yoast-seo-wordpress\/ -->\n<title>Nuestro equipo - Domaines Fran\u00e7ois Lurton<\/title>\n<meta name=\"description\" content=\"Fran\u00e7ois Lurton Fran\u00e7ois Lurton pertenece a la cuarta generaci\u00f3n de viticultores de esta gran familia productora de vinos en la regi\u00f3n de Burdeos desde\" \/>\n<meta name=\"robots\" content=\"index, follow, max-snippet:-1, max-image-preview:large, max-video-preview:-1\" \/>\n<link rel=\"canonical\" href=\"https:\/\/www.domainesfrancoislurton.com\/es\/nuestro-equipo\/\" \/>\n<meta property=\"og:locale\" content=\"es_ES\" \/>\n<meta property=\"og:type\" content=\"article\" \/>\n<meta property=\"og:title\" content=\"Nuestro equipo - Domaines Fran\u00e7ois Lurton\" \/>\n<meta property=\"og:description\" content=\"Fran\u00e7ois Lurton Fran\u00e7ois Lurton pertenece a la cuarta generaci\u00f3n de viticultores de esta gran familia productora de vinos en la regi\u00f3n de Burdeos desde\" \/>\n<meta property=\"og:url\" content=\"https:\/\/www.domainesfrancoislurton.com\/es\/nuestro-equipo\/\" \/>\n<meta property=\"og:site_name\" content=\"Domaines Fran\u00e7ois Lurton\" \/>\n<meta property=\"article:publisher\" content=\"https:\/\/www.facebook.com\/DomainesFL\/\" \/>\n<meta property=\"og:image\" content=\"https:\/\/www.domainesfrancoislurton.com\/wp-content\/uploads\/2019\/06\/FL2-1024x1018.jpg\" \/>\n<meta name=\"twitter:card\" content=\"summary_large_image\" \/>\n<meta name=\"twitter:site\" content=\"@francoislurton\" \/>\n<meta name=\"twitter:label1\" content=\"Tiempo de lectura\" \/>\n\t<meta name=\"twitter:data1\" content=\"1 minuto\" \/>\n<script type=\"application\/ld+json\" class=\"yoast-schema-graph\">{\"@context\":\"https:\\\/\\\/schema.org\",\"@graph\":[{\"@type\":\"WebPage\",\"@id\":\"https:\\\/\\\/www.domainesfrancoislurton.com\\\/es\\\/nuestro-equipo\\\/\",\"url\":\"https:\\\/\\\/www.domainesfrancoislurton.com\\\/es\\\/nuestro-equipo\\\/\",\"name\":\"Nuestro equipo - Domaines Fran\u00e7ois Lurton\",\"isPartOf\":{\"@id\":\"https:\\\/\\\/www.domainesfrancoislurton.com\\\/#website\"},\"primaryImageOfPage\":{\"@id\":\"https:\\\/\\\/www.domainesfrancoislurton.com\\\/es\\\/nuestro-equipo\\\/#primaryimage\"},\"image\":{\"@id\":\"https:\\\/\\\/www.domainesfrancoislurton.com\\\/es\\\/nuestro-equipo\\\/#primaryimage\"},\"thumbnailUrl\":\"https:\\\/\\\/www.domainesfrancoislurton.com\\\/wp-content\\\/uploads\\\/2019\\\/06\\\/FL2-1024x1018.jpg\",\"datePublished\":\"2021-08-16T11:21:48+00:00\",\"description\":\"Fran\u00e7ois Lurton Fran\u00e7ois Lurton pertenece a la cuarta generaci\u00f3n de viticultores de esta gran familia productora de vinos en la regi\u00f3n de Burdeos desde\",\"breadcrumb\":{\"@id\":\"https:\\\/\\\/www.domainesfrancoislurton.com\\\/es\\\/nuestro-equipo\\\/#breadcrumb\"},\"inLanguage\":\"es\",\"potentialAction\":[{\"@type\":\"ReadAction\",\"target\":[\"https:\\\/\\\/www.domainesfrancoislurton.com\\\/es\\\/nuestro-equipo\\\/\"]}]},{\"@type\":\"ImageObject\",\"inLanguage\":\"es\",\"@id\":\"https:\\\/\\\/www.domainesfrancoislurton.com\\\/es\\\/nuestro-equipo\\\/#primaryimage\",\"url\":\"https:\\\/\\\/www.domainesfrancoislurton.com\\\/wp-content\\\/uploads\\\/2019\\\/06\\\/FL2-1024x1018.jpg\",\"contentUrl\":\"https:\\\/\\\/www.domainesfrancoislurton.com\\\/wp-content\\\/uploads\\\/2019\\\/06\\\/FL2-1024x1018.jpg\"},{\"@type\":\"BreadcrumbList\",\"@id\":\"https:\\\/\\\/www.domainesfrancoislurton.com\\\/es\\\/nuestro-equipo\\\/#breadcrumb\",\"itemListElement\":[{\"@type\":\"ListItem\",\"position\":1,\"name\":\"Home\",\"item\":\"https:\\\/\\\/www.domainesfrancoislurton.com\\\/es\\\/\"},{\"@type\":\"ListItem\",\"position\":2,\"name\":\"Nuestro equipo\"}]},{\"@type\":\"WebSite\",\"@id\":\"https:\\\/\\\/www.domainesfrancoislurton.com\\\/#website\",\"url\":\"https:\\\/\\\/www.domainesfrancoislurton.com\\\/\",\"name\":\"Domaines Fran\u00e7ois Lurton\",\"description\":\"Vigneron de p\u00e8re en fils depuis 1897\",\"publisher\":{\"@id\":\"https:\\\/\\\/www.domainesfrancoislurton.com\\\/#organization\"},\"potentialAction\":[{\"@type\":\"SearchAction\",\"target\":{\"@type\":\"EntryPoint\",\"urlTemplate\":\"https:\\\/\\\/www.domainesfrancoislurton.com\\\/?s={search_term_string}\"},\"query-input\":{\"@type\":\"PropertyValueSpecification\",\"valueRequired\":true,\"valueName\":\"search_term_string\"}}],\"inLanguage\":\"es\"},{\"@type\":\"Organization\",\"@id\":\"https:\\\/\\\/www.domainesfrancoislurton.com\\\/#organization\",\"name\":\"Domaines Fran\u00e7ois Lurton\",\"url\":\"https:\\\/\\\/www.domainesfrancoislurton.com\\\/\",\"logo\":{\"@type\":\"ImageObject\",\"inLanguage\":\"es\",\"@id\":\"https:\\\/\\\/www.domainesfrancoislurton.com\\\/#\\\/schema\\\/logo\\\/image\\\/\",\"url\":\"https:\\\/\\\/www.domainesfrancoislurton.com\\\/wp-content\\\/uploads\\\/2019\\\/04\\\/default-lurton.png\",\"contentUrl\":\"https:\\\/\\\/www.domainesfrancoislurton.com\\\/wp-content\\\/uploads\\\/2019\\\/04\\\/default-lurton.png\",\"width\":960,\"height\":496,\"caption\":\"Domaines Fran\u00e7ois Lurton\"},\"image\":{\"@id\":\"https:\\\/\\\/www.domainesfrancoislurton.com\\\/#\\\/schema\\\/logo\\\/image\\\/\"},\"sameAs\":[\"https:\\\/\\\/www.facebook.com\\\/DomainesFL\\\/\",\"https:\\\/\\\/x.com\\\/francoislurton\",\"https:\\\/\\\/www.instagram.com\\\/francoislurton\\\/\",\"https:\\\/\\\/www.pinterest.fr\\\/DomainesFrancoisLurton\\\/\"]}]}<\/script>\n<!-- \/ Yoast SEO plugin. -->","yoast_head_json":{"title":"Nuestro equipo - Domaines Fran\u00e7ois Lurton","description":"Fran\u00e7ois Lurton Fran\u00e7ois Lurton pertenece a la cuarta generaci\u00f3n de viticultores de esta gran familia productora de vinos en la regi\u00f3n de Burdeos desde","robots":{"index":"index","follow":"follow","max-snippet":"max-snippet:-1","max-image-preview":"max-image-preview:large","max-video-preview":"max-video-preview:-1"},"canonical":"https:\/\/www.domainesfrancoislurton.com\/es\/nuestro-equipo\/","og_locale":"es_ES","og_type":"article","og_title":"Nuestro equipo - Domaines Fran\u00e7ois Lurton","og_description":"Fran\u00e7ois Lurton Fran\u00e7ois Lurton pertenece a la cuarta generaci\u00f3n de viticultores de esta gran familia productora de vinos en la regi\u00f3n de Burdeos desde","og_url":"https:\/\/www.domainesfrancoislurton.com\/es\/nuestro-equipo\/","og_site_name":"Domaines Fran\u00e7ois Lurton","article_publisher":"https:\/\/www.facebook.com\/DomainesFL\/","og_image":[{"url":"https:\/\/www.domainesfrancoislurton.com\/wp-content\/uploads\/2019\/06\/FL2-1024x1018.jpg","type":"","width":"","height":""}],"twitter_card":"summary_large_image","twitter_site":"@francoislurton","twitter_misc":{"Tiempo de lectura":"1 minuto"},"schema":{"@context":"https:\/\/schema.org","@graph":[{"@type":"WebPage","@id":"https:\/\/www.domainesfrancoislurton.com\/es\/nuestro-equipo\/","url":"https:\/\/www.domainesfrancoislurton.com\/es\/nuestro-equipo\/","name":"Nuestro equipo - Domaines Fran\u00e7ois Lurton","isPartOf":{"@id":"https:\/\/www.domainesfrancoislurton.com\/#website"},"primaryImageOfPage":{"@id":"https:\/\/www.domainesfrancoislurton.com\/es\/nuestro-equipo\/#primaryimage"},"image":{"@id":"https:\/\/www.domainesfrancoislurton.com\/es\/nuestro-equipo\/#primaryimage"},"thumbnailUrl":"https:\/\/www.domainesfrancoislurton.com\/wp-content\/uploads\/2019\/06\/FL2-1024x1018.jpg","datePublished":"2021-08-16T11:21:48+00:00","description":"Fran\u00e7ois Lurton Fran\u00e7ois Lurton pertenece a la cuarta generaci\u00f3n de viticultores de esta gran familia productora de vinos en la regi\u00f3n de Burdeos desde","breadcrumb":{"@id":"https:\/\/www.domainesfrancoislurton.com\/es\/nuestro-equipo\/#breadcrumb"},"inLanguage":"es","potentialAction":[{"@type":"ReadAction","target":["https:\/\/www.domainesfrancoislurton.com\/es\/nuestro-equipo\/"]}]},{"@type":"ImageObject","inLanguage":"es","@id":"https:\/\/www.domainesfrancoislurton.com\/es\/nuestro-equipo\/#primaryimage","url":"https:\/\/www.domainesfrancoislurton.com\/wp-content\/uploads\/2019\/06\/FL2-1024x1018.jpg","contentUrl":"https:\/\/www.domainesfrancoislurton.com\/wp-content\/uploads\/2019\/06\/FL2-1024x1018.jpg"},{"@type":"BreadcrumbList","@id":"https:\/\/www.domainesfrancoislurton.com\/es\/nuestro-equipo\/#breadcrumb","itemListElement":[{"@type":"ListItem","position":1,"name":"Home","item":"https:\/\/www.domainesfrancoislurton.com\/es\/"},{"@type":"ListItem","position":2,"name":"Nuestro equipo"}]},{"@type":"WebSite","@id":"https:\/\/www.domainesfrancoislurton.com\/#website","url":"https:\/\/www.domainesfrancoislurton.com\/","name":"Domaines Fran\u00e7ois Lurton","description":"Vigneron de p\u00e8re en fils depuis 1897","publisher":{"@id":"https:\/\/www.domainesfrancoislurton.com\/#organization"},"potentialAction":[{"@type":"SearchAction","target":{"@type":"EntryPoint","urlTemplate":"https:\/\/www.domainesfrancoislurton.com\/?s={search_term_string}"},"query-input":{"@type":"PropertyValueSpecification","valueRequired":true,"valueName":"search_term_string"}}],"inLanguage":"es"},{"@type":"Organization","@id":"https:\/\/www.domainesfrancoislurton.com\/#organization","name":"Domaines Fran\u00e7ois Lurton","url":"https:\/\/www.domainesfrancoislurton.com\/","logo":{"@type":"ImageObject","inLanguage":"es","@id":"https:\/\/www.domainesfrancoislurton.com\/#\/schema\/logo\/image\/","url":"https:\/\/www.domainesfrancoislurton.com\/wp-content\/uploads\/2019\/04\/default-lurton.png","contentUrl":"https:\/\/www.domainesfrancoislurton.com\/wp-content\/uploads\/2019\/04\/default-lurton.png","width":960,"height":496,"caption":"Domaines Fran\u00e7ois Lurton"},"image":{"@id":"https:\/\/www.domainesfrancoislurton.com\/#\/schema\/logo\/image\/"},"sameAs":["https:\/\/www.facebook.com\/DomainesFL\/","https:\/\/x.com\/francoislurton","https:\/\/www.instagram.com\/francoislurton\/","https:\/\/www.pinterest.fr\/DomainesFrancoisLurton\/"]}]}},"_links":{"self":[{"href":"https:\/\/www.domainesfrancoislurton.com\/es\/wp-json\/wp\/v2\/pages\/2781","targetHints":{"allow":["GET"]}}],"collection":[{"href":"https:\/\/www.domainesfrancoislurton.com\/es\/wp-json\/wp\/v2\/pages"}],"about":[{"href":"https:\/\/www.domainesfrancoislurton.com\/es\/wp-json\/wp\/v2\/types\/page"}],"author":[{"embeddable":true,"href":"https:\/\/www.domainesfrancoislurton.com\/es\/wp-json\/wp\/v2\/users\/1"}],"replies":[{"embeddable":true,"href":"https:\/\/www.domainesfrancoislurton.com\/es\/wp-json\/wp\/v2\/comments?post=2781"}],"version-history":[{"count":1,"href":"https:\/\/www.domainesfrancoislurton.com\/es\/wp-json\/wp\/v2\/pages\/2781\/revisions"}],"predecessor-version":[{"id":2784,"href":"https:\/\/www.domainesfrancoislurton.com\/es\/wp-json\/wp\/v2\/pages\/2781\/revisions\/2784"}],"wp:attachment":[{"href":"https:\/\/www.domainesfrancoislurton.com\/es\/wp-json\/wp\/v2\/media?parent=2781"}],"curies":[{"name":"wp","href":"https:\/\/api.w.org\/{rel}","templated":true}]}}